{"id":371,"date":"2025-06-14T15:18:05","date_gmt":"2025-06-14T15:18:05","guid":{"rendered":"https:\/\/auperdi.de\/?page_id=371"},"modified":"2026-02-05T09:49:49","modified_gmt":"2026-02-05T09:49:49","slug":"ueber-uns-2","status":"publish","type":"page","link":"https:\/\/auperdi.de\/?page_id=371","title":{"rendered":"\u00dcber uns"},"content":{"rendered":"\n[et_pb_section fb_built=&#8220;1&#8243; _builder_version=&#8220;4.24.2&#8243; _module_preset=&#8220;default&#8220; background_enable_color=&#8220;off&#8220; background_enable_image=&#8220;off&#8220; background_size=&#8220;initial&#8220; background_position=&#8220;top_center&#8220; background_vertical_offset=&#8220;26%&#8220; min_height=&#8220;525.1px&#8220; custom_padding=&#8220;||0px|||&#8220; global_colors_info=&#8220;{%22gcid-10277dfd-2823-482d-b6c9-b4055f284582%22:%91%22background_color%22%93}&#8220;][et_pb_row _builder_version=&#8220;4.23.1&#8243; _module_preset=&#8220;_initial&#8220; global_colors_info=&#8220;{}&#8220;][et_pb_column type=&#8220;4_4&#8243; _builder_version=&#8220;4.23.1&#8243; _module_preset=&#8220;default&#8220; global_colors_info=&#8220;{}&#8220;][et_pb_text _builder_version=&#8220;4.24.2&#8243; _module_preset=&#8220;default&#8220; text_font=&#8220;Raleway|700||on|||||&#8220; text_text_color=&#8220;#000DFF&#8220; text_font_size=&#8220;13px&#8220; text_letter_spacing=&#8220;4px&#8220; text_line_height=&#8220;1.6em&#8220; header_font=&#8220;Raleway||||||||&#8220; text_orientation=&#8220;center&#8220; custom_margin=&#8220;-4px|||||&#8220; global_colors_info=&#8220;{}&#8220;]<p>Unsere St\u00e4rke ist unser Team<\/p>[\/et_pb_text][\/et_pb_column][\/et_pb_row][et_pb_row _builder_version=&#8220;4.23.2&#8243; _module_preset=&#8220;_initial&#8220; custom_margin=&#8220;0px||0px||true|false&#8220; custom_padding=&#8220;0px||0px||true|false&#8220; global_colors_info=&#8220;{}&#8220;][et_pb_column type=&#8220;4_4&#8243; _builder_version=&#8220;4.23.1&#8243; _module_preset=&#8220;default&#8220; global_colors_info=&#8220;{}&#8220;][et_pb_text _builder_version=&#8220;4.23.1&#8243; _module_preset=&#8220;default&#8220; global_colors_info=&#8220;{}&#8220;]<h2 style=\"text-align: center;\">Gesch\u00e4ftsf\u00fchrung<\/h2>[\/et_pb_text][\/et_pb_column][\/et_pb_row][et_pb_row column_structure=&#8220;1_2,1_2&#8243; make_equal=&#8220;on&#8220; _builder_version=&#8220;4.24.2&#8243; _module_preset=&#8220;_initial&#8220; min_height=&#8220;250.5px&#8220; custom_margin=&#8220;20px|auto|27px|auto||&#8220; custom_padding=&#8220;21px||0px|||&#8220; global_colors_info=&#8220;{}&#8220;][et_pb_column type=&#8220;1_2&#8243; _builder_version=&#8220;4.23.2&#8243; _module_preset=&#8220;default&#8220; global_colors_info=&#8220;{}&#8220;][et_pb_team_member name=&#8220;Bernhard Markl&#8220; position=&#8220;Gesch\u00e4ftsf\u00fchrer, Gr\u00fcnder&#8220; module_class=&#8220;person_box&#8220; _builder_version=&#8220;4.24.2&#8243; _module_preset=&#8220;default&#8220; header_font=&#8220;Raleway|700||on|||||&#8220; header_text_color=&#8220;#29CB8B&#8220; header_font_size=&#8220;21px&#8220; body_font=&#8220;Raleway||||||||&#8220; background_enable_image=&#8220;off&#8220; background_size=&#8220;contain&#8220; text_orientation=&#8220;center&#8220; custom_padding=&#8220;20px|20px|20px|20px|true|true&#8220; border_style_all=&#8220;none&#8220; border_width_top=&#8220;2px&#8220; border_color_top=&#8220;gcid-10277dfd-2823-482d-b6c9-b4055f284582&#8243; border_width_bottom=&#8220;2px&#8220; border_color_bottom=&#8220;gcid-10277dfd-2823-482d-b6c9-b4055f284582&#8243; border_color_all_image=&#8220;gcid-10277dfd-2823-482d-b6c9-b4055f284582&#8243; box_shadow_style=&#8220;preset3&#8243; box_shadow_style_image=&#8220;preset3&#8243; global_colors_info=&#8220;{%22gcid-10277dfd-2823-482d-b6c9-b4055f284582%22:%91%22border_color_all_image%22,%22border_color_top%22,%22border_color_bottom%22,%22background_color%22%93}&#8220;]<p>Dipl.-Volskwirt (Univ.)<br \/>Tel.: 0961 \/ 47054-0<br \/>Mail: MarklB@auperdi.de<\/p>[\/et_pb_team_member][\/et_pb_column][et_pb_column type=&#8220;1_2&#8243; _builder_version=&#8220;4.23.2&#8243; _module_preset=&#8220;default&#8220; global_colors_info=&#8220;{}&#8220;][et_pb_team_member name=&#8220;Steffen markl&#8220; position=&#8220;Gesch\u00e4ftsf\u00fchrer&#8220; module_class=&#8220;person_box&#8220; _builder_version=&#8220;4.24.2&#8243; _module_preset=&#8220;default&#8220; header_font=&#8220;Raleway|700||on|||||&#8220; header_text_color=&#8220;#29CB8B&#8220; header_font_size=&#8220;21px&#8220; body_font=&#8220;Raleway||||||||&#8220; background_enable_image=&#8220;off&#8220; background_size=&#8220;contain&#8220; text_orientation=&#8220;center&#8220; custom_padding=&#8220;20px|20px|20px|20px|true|true&#8220; border_style_all=&#8220;none&#8220; border_width_top=&#8220;2px&#8220; border_color_top=&#8220;gcid-10277dfd-2823-482d-b6c9-b4055f284582&#8243; border_width_bottom=&#8220;2px&#8220; border_color_bottom=&#8220;gcid-10277dfd-2823-482d-b6c9-b4055f284582&#8243; border_color_all_image=&#8220;gcid-10277dfd-2823-482d-b6c9-b4055f284582&#8243; box_shadow_style=&#8220;preset3&#8243; box_shadow_style_image=&#8220;preset3&#8243; global_colors_info=&#8220;{%22gcid-10277dfd-2823-482d-b6c9-b4055f284582%22:%91%22border_color_all_image%22,%22border_color_top%22,%22border_color_bottom%22,%22background_color%22,%22border_color_all_image%22,%22border_color_top%22,%22border_color_bottom%22,%22border_color_top%22,%22border_color_bottom%22,%22background_color%22,%22border_color_all_image%22,%22border_color_top%22,%22border_color_bottom%22,%22border_color_top%22,%22border_color_bottom%22,%22background_color%22,%22border_color_all_image%22,%22border_color_top%22,%22border_color_bottom%22,%22border_color_top%22,%22border_color_bottom%22,%22background_color%22%93}&#8220;]<p>Internat. Technologiemanagement, Bachelor of Arts (FH)<br \/>Tel.: 0961 \/ 47054-0<br \/>Mail: MarklS@auperdi.de<\/p>[\/et_pb_team_member][\/et_pb_column][\/et_pb_row][\/et_pb_section][et_pb_section fb_built=&#8220;1&#8243; _builder_version=&#8220;4.23.4&#8243; _module_preset=&#8220;default&#8220; min_height=&#8220;620.5px&#8220; custom_margin=&#8220;-113px|||||&#8220; custom_padding=&#8220;0px||112px|||&#8220; global_colors_info=&#8220;{}&#8220;][et_pb_row _builder_version=&#8220;4.23.2&#8243; _module_preset=&#8220;_initial&#8220; custom_margin=&#8220;|auto|-22px|auto||&#8220; custom_padding=&#8220;104px||2px||false|false&#8220; global_colors_info=&#8220;{}&#8220;][et_pb_column type=&#8220;4_4&#8243; _builder_version=&#8220;4.23.1&#8243; _module_preset=&#8220;default&#8220; global_colors_info=&#8220;{}&#8220;][et_pb_text _builder_version=&#8220;4.23.1&#8243; _module_preset=&#8220;default&#8220; min_height=&#8220;31px&#8220; custom_margin=&#8220;1px|||||&#8220; custom_padding=&#8220;||13px|||&#8220; global_colors_info=&#8220;{}&#8220;]<h2 style=\"text-align: center;\">Mitarbeiter<\/h2>[\/et_pb_text][\/et_pb_column][\/et_pb_row][et_pb_row column_structure=&#8220;1_2,1_2&#8243; _builder_version=&#8220;4.23.4&#8243; _module_preset=&#8220;_initial&#8220; min_height=&#8220;418.5px&#8220; custom_margin=&#8220;20px|auto||auto||&#8220; global_colors_info=&#8220;{}&#8220;][et_pb_column type=&#8220;1_2&#8243; _builder_version=&#8220;4.23.4&#8243; _module_preset=&#8220;default&#8220; global_colors_info=&#8220;{}&#8220;][et_pb_team_member name=&#8220;Simone W\u00fcrth&#8220; position=&#8220;Personaldisponentin&#8220; module_class=&#8220;person_box&#8220; _builder_version=&#8220;4.24.2&#8243; _module_preset=&#8220;default&#8220; header_font=&#8220;Raleway|700||on|||||&#8220; header_text_color=&#8220;#29CB8B&#8220; header_font_size=&#8220;21px&#8220; body_font=&#8220;Raleway||||||||&#8220; position_font=&#8220;Raleway||||||||&#8220; position_text_color=&#8220;gcid-f2517e6f-8c69-4608-836b-c77164bb9a8b&#8220; background_enable_image=&#8220;off&#8220; background_size=&#8220;contain&#8220; text_orientation=&#8220;center&#8220; custom_padding=&#8220;20px|20px|20px|20px|true|true&#8220; border_style_all=&#8220;none&#8220; border_width_top=&#8220;2px&#8220; border_color_top=&#8220;gcid-10277dfd-2823-482d-b6c9-b4055f284582&#8243; border_width_bottom=&#8220;2px&#8220; border_color_bottom=&#8220;gcid-10277dfd-2823-482d-b6c9-b4055f284582&#8243; border_color_all_image=&#8220;gcid-10277dfd-2823-482d-b6c9-b4055f284582&#8243; box_shadow_style=&#8220;preset3&#8243; box_shadow_style_image=&#8220;preset3&#8243; global_colors_info=&#8220;{%22gcid-10277dfd-2823-482d-b6c9-b4055f284582%22:%91%22border_color_all_image%22,%22border_color_top%22,%22border_color_bottom%22,%22background_color%22,%22border_color_all_image%22,%22border_color_top%22,%22border_color_bottom%22,%22border_color_top%22,%22border_color_bottom%22,%22background_color%22%93,%22gcid-f2517e6f-8c69-4608-836b-c77164bb9a8b%22:%91%22position_text_color%22%93}&#8220;]<p>Diplom-Betriebswirtin (FH)<br \/>Tel.: 0961 \/ 47054-125<br \/>Mail: WuerthS@auperdi.de<\/p>[\/et_pb_team_member][et_pb_team_member name=&#8220;Janett H\u00f6rl&#8220; position=&#8220;Personaldisponentin&#8220; module_class=&#8220;person_box&#8220; _builder_version=&#8220;4.23.4&#8243; _module_preset=&#8220;default&#8220; header_font=&#8220;Raleway|700||on|||||&#8220; header_text_color=&#8220;#29CB8B&#8220; header_font_size=&#8220;21px&#8220; body_font=&#8220;Raleway||||||||&#8220; position_font=&#8220;Raleway||||||||&#8220; position_text_color=&#8220;gcid-f2517e6f-8c69-4608-836b-c77164bb9a8b&#8220; background_enable_image=&#8220;off&#8220; background_size=&#8220;contain&#8220; text_orientation=&#8220;center&#8220; custom_padding=&#8220;20px|20px|20px|20px|true|true&#8220; border_style_all=&#8220;none&#8220; border_width_top=&#8220;2px&#8220; border_color_top=&#8220;gcid-10277dfd-2823-482d-b6c9-b4055f284582&#8243; border_width_bottom=&#8220;2px&#8220; border_color_bottom=&#8220;gcid-10277dfd-2823-482d-b6c9-b4055f284582&#8243; border_color_all_image=&#8220;gcid-10277dfd-2823-482d-b6c9-b4055f284582&#8243; box_shadow_style=&#8220;preset3&#8243; box_shadow_style_image=&#8220;preset3&#8243; global_colors_info=&#8220;{%22gcid-10277dfd-2823-482d-b6c9-b4055f284582%22:%91%22border_color_all_image%22,%22border_color_top%22,%22border_color_bottom%22,%22background_color%22,%22border_color_all_image%22,%22border_color_top%22,%22border_color_bottom%22,%22border_color_top%22,%22border_color_bottom%22,%22background_color%22,%22border_color_all_image%22,%22border_color_top%22,%22border_color_bottom%22,%22background_color%22,%22border_color_all_image%22,%22border_color_top%22,%22border_color_bottom%22,%22border_color_top%22,%22border_color_bottom%22,%22background_color%22%93,%22gcid-f2517e6f-8c69-4608-836b-c77164bb9a8b%22:%91%22position_text_color%22%93,%22gcid-96f59199-116b-483a-bfd2-95065c03faad%22:%91%22header_text_color%22%93,%22gcid-dc73a9c8-a500-4c1e-bc5b-07aaaaacd1d7%22:%91%22header_text_color%22%93}&#8220;]<p>Personalreferentin, B\u00fcrokauffrau<br \/>Tel.: 0961 \/ 47054-120<br \/>Mail: HoerlJ@auperdi.de<\/p>[\/et_pb_team_member][\/et_pb_column][et_pb_column type=&#8220;1_2&#8243; _builder_version=&#8220;4.23.4&#8243; _module_preset=&#8220;default&#8220; global_colors_info=&#8220;{}&#8220;][et_pb_team_member name=&#8220;Angela Stark&#8220; position=&#8220;Verwaltung, Lohnabrechnung&#8220; module_class=&#8220;person_box&#8220; _builder_version=&#8220;4.23.4&#8243; _module_preset=&#8220;default&#8220; header_font=&#8220;Raleway|700||on|||||&#8220; header_text_color=&#8220;#29CB8B&#8220; header_font_size=&#8220;21px&#8220; body_font=&#8220;Raleway||||||||&#8220; position_font=&#8220;Raleway||||||||&#8220; position_text_color=&#8220;gcid-f2517e6f-8c69-4608-836b-c77164bb9a8b&#8220; background_enable_image=&#8220;off&#8220; background_size=&#8220;contain&#8220; text_orientation=&#8220;center&#8220; custom_padding=&#8220;20px|20px|20px|20px|true|true&#8220; border_style_all=&#8220;none&#8220; border_width_top=&#8220;2px&#8220; border_color_top=&#8220;gcid-10277dfd-2823-482d-b6c9-b4055f284582&#8243; border_width_bottom=&#8220;2px&#8220; border_color_bottom=&#8220;gcid-10277dfd-2823-482d-b6c9-b4055f284582&#8243; border_color_all_image=&#8220;gcid-10277dfd-2823-482d-b6c9-b4055f284582&#8243; box_shadow_style=&#8220;preset3&#8243; box_shadow_style_image=&#8220;preset3&#8243; global_colors_info=&#8220;{%22gcid-10277dfd-2823-482d-b6c9-b4055f284582%22:%91%22border_color_all_image%22,%22border_color_top%22,%22border_color_bottom%22,%22background_color%22,%22border_color_all_image%22,%22border_color_top%22,%22border_color_bottom%22,%22border_color_top%22,%22border_color_bottom%22,%22background_color%22,%22border_color_all_image%22,%22border_color_top%22,%22border_color_bottom%22,%22background_color%22,%22border_color_all_image%22,%22border_color_top%22,%22border_color_bottom%22,%22border_color_top%22,%22border_color_bottom%22,%22background_color%22,%22border_color_all_image%22,%22border_color_top%22,%22border_color_bottom%22,%22border_color_top%22,%22border_color_bottom%22,%22background_color%22,%22border_color_all_image%22,%22border_color_top%22,%22border_color_bottom%22,%22border_color_top%22,%22border_color_bottom%22,%22background_color%22%93,%22gcid-f2517e6f-8c69-4608-836b-c77164bb9a8b%22:%91%22position_text_color%22%93,%22gcid-96f59199-116b-483a-bfd2-95065c03faad%22:%91%22header_text_color%22%93,%22gcid-dc73a9c8-a500-4c1e-bc5b-07aaaaacd1d7%22:%91%22header_text_color%22,%22header_text_color%22,%22header_text_color%22%93}&#8220;]<p>Zahnarzthelferin, EDV-Sachbearbeiterin<br \/>Tel.: 0961 \/ 47054-141<br \/>Mail: StarkA@auperdi.de<\/p>[\/et_pb_team_member][et_pb_team_member name=&#8220;Silvia Holzapfel&#8220; position=&#8220;Verwaltung&#8220; module_class=&#8220;person_box&#8220; _builder_version=&#8220;4.23.4&#8243; _module_preset=&#8220;default&#8220; header_font=&#8220;Raleway|700||on|||||&#8220; header_text_color=&#8220;#29CB8B&#8220; header_font_size=&#8220;21px&#8220; body_font=&#8220;Raleway||||||||&#8220; position_font=&#8220;Raleway||||||||&#8220; position_text_color=&#8220;gcid-f2517e6f-8c69-4608-836b-c77164bb9a8b&#8220; background_enable_image=&#8220;off&#8220; background_size=&#8220;contain&#8220; text_orientation=&#8220;center&#8220; custom_padding=&#8220;20px|20px|20px|20px|true|true&#8220; border_style_all=&#8220;none&#8220; border_width_top=&#8220;2px&#8220; border_color_top=&#8220;gcid-10277dfd-2823-482d-b6c9-b4055f284582&#8243; border_width_bottom=&#8220;2px&#8220; border_color_bottom=&#8220;gcid-10277dfd-2823-482d-b6c9-b4055f284582&#8243; border_color_all_image=&#8220;gcid-10277dfd-2823-482d-b6c9-b4055f284582&#8243; box_shadow_style=&#8220;preset3&#8243; box_shadow_style_image=&#8220;preset3&#8243; global_colors_info=&#8220;{%22gcid-10277dfd-2823-482d-b6c9-b4055f284582%22:%91%22border_color_all_image%22,%22border_color_top%22,%22border_color_bottom%22,%22background_color%22,%22border_color_all_image%22,%22border_color_top%22,%22border_color_bottom%22,%22border_color_top%22,%22border_color_bottom%22,%22background_color%22,%22border_color_all_image%22,%22border_color_top%22,%22border_color_bottom%22,%22background_color%22,%22border_color_all_image%22,%22border_color_top%22,%22border_color_bottom%22,%22border_color_top%22,%22border_color_bottom%22,%22background_color%22,%22border_color_all_image%22,%22border_color_top%22,%22border_color_bottom%22,%22border_color_top%22,%22border_color_bottom%22,%22background_color%22,%22border_color_all_image%22,%22border_color_top%22,%22border_color_bottom%22,%22border_color_top%22,%22border_color_bottom%22,%22background_color%22%93,%22gcid-f2517e6f-8c69-4608-836b-c77164bb9a8b%22:%91%22position_text_color%22%93,%22gcid-96f59199-116b-483a-bfd2-95065c03faad%22:%91%22header_text_color%22%93,%22gcid-dc73a9c8-a500-4c1e-bc5b-07aaaaacd1d7%22:%91%22header_text_color%22,%22header_text_color%22,%22header_text_color%22%93}&#8220;]<p>Gepr\u00fcfte Sekret\u00e4rin, B\u00fcrokauffrau<br \/>Tel.: 0961 \/ 47054-200<br \/>Mail: HolzapfelS@auperdi.de<\/p>[\/et_pb_team_member][\/et_pb_column][\/et_pb_row][et_pb_row _builder_version=&#8220;4.23.4&#8243; _module_preset=&#8220;default&#8220; custom_padding=&#8220;||0px|||&#8220; global_colors_info=&#8220;{}&#8220;][et_pb_column type=&#8220;4_4&#8243; _builder_version=&#8220;4.23.4&#8243; _module_preset=&#8220;default&#8220; global_colors_info=&#8220;{}&#8220;][et_pb_text _builder_version=&#8220;4.24.2&#8243; _module_preset=&#8220;default&#8220; min_height=&#8220;57.6px&#8220; global_colors_info=&#8220;{}&#8220;]<p style=\"text-align: center;\">Nat\u00fcrlich sind hier nicht alle unsere talentierten Mitarbeiter abgebildet. Unser wichtigstes Kapital sind unsere hochqualifizierten und vielseitig einsetzbaren Zeitarbeiter, die direkt vor Ort bei unseren Kunden wertvolle Unterst\u00fctzung leisten und ma\u00dfgeblich zum Erfolg der Projekte beitragen.<\/p>[\/et_pb_text][et_pb_button button_url=&#8220;@ET-DC@eyJkeW5hbWljIjp0cnVlLCJjb250ZW50IjoicG9zdF9saW5rX3VybF9wYWdlIiwic2V0dGluZ3MiOnsicG9zdF9pZCI6IjI3In19@&#8220; button_text=&#8220;Kontaktaufnahme&#8220; button_alignment=&#8220;center&#8220; _builder_version=&#8220;4.24.2&#8243; _dynamic_attributes=&#8220;button_url&#8220; _module_preset=&#8220;default&#8220; custom_button=&#8220;on&#8220; button_text_color=&#8220;#FFFFFF&#8220; button_bg_color=&#8220;#29CB8B&#8220; button_border_width=&#8220;0px&#8220; button_border_radius=&#8220;4px&#8220; button_font=&#8220;Raleway|700|||||||&#8220; button_icon=&#8220;&#xe076;||divi||400&#8243; global_colors_info=&#8220;{}&#8220;][\/et_pb_button][\/et_pb_column][\/et_pb_row][\/et_pb_section]\n","protected":false},"excerpt":{"rendered":"<p>Unsere St\u00e4rke ist unser TeamGesch\u00e4ftsf\u00fchrungDipl.-Volskwirt (Univ.)Tel.: 0961 \/ 47054-0Mail: MarklB@auperdi.deInternat. Technologiemanagement, Bachelor of Arts (FH)Tel.: 0961 \/ 47054-0Mail: MarklS@auperdi.deMitarbeiterDiplom-Betriebswirtin (FH)Tel.: 0961 \/ 47054-125Mail: WuerthS@auperdi.dePersonalreferentin, B\u00fcrokauffrauTel.: 0961 \/ 47054-120Mail: HoerlJ@auperdi.deZahnarzthelferin, EDV-SachbearbeiterinTel.: 0961 \/ 47054-141Mail: StarkA@auperdi.deGepr\u00fcfte Sekret\u00e4rin, B\u00fcrokauffrauTel.: 0961 \/ 47054-200Mail: HolzapfelS@auperdi.deNat\u00fcrlich sind hier nicht alle unsere talentierten Mitarbeiter abgebildet. Unser wichtigstes Kapital sind unsere hochqualifizierten und [&hellip;]<\/p>\n","protected":false},"author":2,"featured_media":0,"parent":0,"menu_order":0,"comment_status":"closed","ping_status":"closed","template":"","meta":{"_et_pb_use_builder":"on","_et_pb_old_content":"","_et_gb_content_width":"","footnotes":""},"class_list":["post-371","page","type-page","status-publish","hentry"],"yoast_head":"<!-- This site is optimized with the Yoast SEO plugin v25.3.1 - https:\/\/yoast.com\/wordpress\/plugins\/seo\/ -->\n<title>\u00dcber uns - Auperdi GmbH<\/title>\n<meta name=\"description\" content=\"Arbeitnehmer\u00fcberlassung &amp; Personalvermittlung in Weiden, Schwandorf, Amberg, Tirschenreuth, Wunsiedel &amp; Marktredwitz. Wir finden Ihren Job!\" \/>\n<meta name=\"robots\" content=\"index, follow, max-snippet:-1, max-image-preview:large, max-video-preview:-1\" \/>\n<link rel=\"canonical\" href=\"https:\/\/auperdi.de\/?page_id=371\" \/>\n<meta property=\"og:locale\" content=\"de_DE\" \/>\n<meta property=\"og:type\" content=\"article\" \/>\n<meta property=\"og:title\" content=\"\u00dcber uns - Auperdi GmbH\" \/>\n<meta property=\"og:description\" content=\"Arbeitnehmer\u00fcberlassung &amp; Personalvermittlung in Weiden, Schwandorf, Amberg, Tirschenreuth, Wunsiedel &amp; Marktredwitz. Wir finden Ihren Job!\" \/>\n<meta property=\"og:url\" content=\"https:\/\/auperdi.de\/?page_id=371\" \/>\n<meta property=\"og:site_name\" content=\"Auperdi GmbH\" \/>\n<meta property=\"article:modified_time\" content=\"2026-02-05T09:49:49+00:00\" \/>\n<meta name=\"twitter:card\" content=\"summary_large_image\" \/>\n<meta name=\"twitter:label1\" content=\"Gesch\u00e4tzte Lesezeit\" \/>\n\t<meta name=\"twitter:data1\" content=\"1\u00a0Minute\" \/>\n<script type=\"application\/ld+json\" class=\"yoast-schema-graph\">{\"@context\":\"https:\/\/schema.org\",\"@graph\":[{\"@type\":[\"WebPage\",\"AboutPage\"],\"@id\":\"https:\/\/auperdi.de\/?page_id=371\",\"url\":\"https:\/\/auperdi.de\/?page_id=371\",\"name\":\"\u00dcber uns - Auperdi GmbH\",\"isPartOf\":{\"@id\":\"https:\/\/auperdi.de\/#website\"},\"datePublished\":\"2025-06-14T15:18:05+00:00\",\"dateModified\":\"2026-02-05T09:49:49+00:00\",\"description\":\"Arbeitnehmer\u00fcberlassung & Personalvermittlung in Weiden, Schwandorf, Amberg, Tirschenreuth, Wunsiedel & Marktredwitz. Wir finden Ihren Job!\",\"breadcrumb\":{\"@id\":\"https:\/\/auperdi.de\/?page_id=371#breadcrumb\"},\"inLanguage\":\"de\",\"potentialAction\":[{\"@type\":\"ReadAction\",\"target\":[\"https:\/\/auperdi.de\/?page_id=371\"]}]},{\"@type\":\"BreadcrumbList\",\"@id\":\"https:\/\/auperdi.de\/?page_id=371#breadcrumb\",\"itemListElement\":[{\"@type\":\"ListItem\",\"position\":1,\"name\":\"Startseite\",\"item\":\"https:\/\/auperdi.de\/\"},{\"@type\":\"ListItem\",\"position\":2,\"name\":\"\u00dcber uns\"}]},{\"@type\":\"WebSite\",\"@id\":\"https:\/\/auperdi.de\/#website\",\"url\":\"https:\/\/auperdi.de\/\",\"name\":\"Auperdi GmbH\",\"description\":\"Personaldienstleister\",\"publisher\":{\"@id\":\"https:\/\/auperdi.de\/#organization\"},\"potentialAction\":[{\"@type\":\"SearchAction\",\"target\":{\"@type\":\"EntryPoint\",\"urlTemplate\":\"https:\/\/auperdi.de\/?s={search_term_string}\"},\"query-input\":{\"@type\":\"PropertyValueSpecification\",\"valueRequired\":true,\"valueName\":\"search_term_string\"}}],\"inLanguage\":\"de\"},{\"@type\":\"Organization\",\"@id\":\"https:\/\/auperdi.de\/#organization\",\"name\":\"Auperdi GmbH\",\"url\":\"https:\/\/auperdi.de\/\",\"logo\":{\"@type\":\"ImageObject\",\"inLanguage\":\"de\",\"@id\":\"https:\/\/auperdi.de\/#\/schema\/logo\/image\/\",\"url\":\"https:\/\/auperdi.de\/wp-content\/uploads\/2024\/01\/Auperdi-Logo-gross.png\",\"contentUrl\":\"https:\/\/auperdi.de\/wp-content\/uploads\/2024\/01\/Auperdi-Logo-gross.png\",\"width\":1087,\"height\":655,\"caption\":\"Auperdi GmbH\"},\"image\":{\"@id\":\"https:\/\/auperdi.de\/#\/schema\/logo\/image\/\"},\"sameAs\":[\"https:\/\/www.instagram.com\/auperdi_gmbh\/\",\"https:\/\/de.linkedin.com\/company\/auperdi?trk=public_profile_experience-item_profile-section-card_image-click\"]}]}<\/script>\n<!-- \/ Yoast SEO plugin. -->","yoast_head_json":{"title":"\u00dcber uns - Auperdi GmbH","description":"Arbeitnehmer\u00fcberlassung & Personalvermittlung in Weiden, Schwandorf, Amberg, Tirschenreuth, Wunsiedel & Marktredwitz. Wir finden Ihren Job!","robots":{"index":"index","follow":"follow","max-snippet":"max-snippet:-1","max-image-preview":"max-image-preview:large","max-video-preview":"max-video-preview:-1"},"canonical":"https:\/\/auperdi.de\/?page_id=371","og_locale":"de_DE","og_type":"article","og_title":"\u00dcber uns - Auperdi GmbH","og_description":"Arbeitnehmer\u00fcberlassung & Personalvermittlung in Weiden, Schwandorf, Amberg, Tirschenreuth, Wunsiedel & Marktredwitz. Wir finden Ihren Job!","og_url":"https:\/\/auperdi.de\/?page_id=371","og_site_name":"Auperdi GmbH","article_modified_time":"2026-02-05T09:49:49+00:00","twitter_card":"summary_large_image","twitter_misc":{"Gesch\u00e4tzte Lesezeit":"1\u00a0Minute"},"schema":{"@context":"https:\/\/schema.org","@graph":[{"@type":["WebPage","AboutPage"],"@id":"https:\/\/auperdi.de\/?page_id=371","url":"https:\/\/auperdi.de\/?page_id=371","name":"\u00dcber uns - Auperdi GmbH","isPartOf":{"@id":"https:\/\/auperdi.de\/#website"},"datePublished":"2025-06-14T15:18:05+00:00","dateModified":"2026-02-05T09:49:49+00:00","description":"Arbeitnehmer\u00fcberlassung & Personalvermittlung in Weiden, Schwandorf, Amberg, Tirschenreuth, Wunsiedel & Marktredwitz. Wir finden Ihren Job!","breadcrumb":{"@id":"https:\/\/auperdi.de\/?page_id=371#breadcrumb"},"inLanguage":"de","potentialAction":[{"@type":"ReadAction","target":["https:\/\/auperdi.de\/?page_id=371"]}]},{"@type":"BreadcrumbList","@id":"https:\/\/auperdi.de\/?page_id=371#breadcrumb","itemListElement":[{"@type":"ListItem","position":1,"name":"Startseite","item":"https:\/\/auperdi.de\/"},{"@type":"ListItem","position":2,"name":"\u00dcber uns"}]},{"@type":"WebSite","@id":"https:\/\/auperdi.de\/#website","url":"https:\/\/auperdi.de\/","name":"Auperdi GmbH","description":"Personaldienstleister","publisher":{"@id":"https:\/\/auperdi.de\/#organization"},"potentialAction":[{"@type":"SearchAction","target":{"@type":"EntryPoint","urlTemplate":"https:\/\/auperdi.de\/?s={search_term_string}"},"query-input":{"@type":"PropertyValueSpecification","valueRequired":true,"valueName":"search_term_string"}}],"inLanguage":"de"},{"@type":"Organization","@id":"https:\/\/auperdi.de\/#organization","name":"Auperdi GmbH","url":"https:\/\/auperdi.de\/","logo":{"@type":"ImageObject","inLanguage":"de","@id":"https:\/\/auperdi.de\/#\/schema\/logo\/image\/","url":"https:\/\/auperdi.de\/wp-content\/uploads\/2024\/01\/Auperdi-Logo-gross.png","contentUrl":"https:\/\/auperdi.de\/wp-content\/uploads\/2024\/01\/Auperdi-Logo-gross.png","width":1087,"height":655,"caption":"Auperdi GmbH"},"image":{"@id":"https:\/\/auperdi.de\/#\/schema\/logo\/image\/"},"sameAs":["https:\/\/www.instagram.com\/auperdi_gmbh\/","https:\/\/de.linkedin.com\/company\/auperdi?trk=public_profile_experience-item_profile-section-card_image-click"]}]}},"_links":{"self":[{"href":"https:\/\/auperdi.de\/index.php?rest_route=\/wp\/v2\/pages\/371","targetHints":{"allow":["GET"]}}],"collection":[{"href":"https:\/\/auperdi.de\/index.php?rest_route=\/wp\/v2\/pages"}],"about":[{"href":"https:\/\/auperdi.de\/index.php?rest_route=\/wp\/v2\/types\/page"}],"author":[{"embeddable":true,"href":"https:\/\/auperdi.de\/index.php?rest_route=\/wp\/v2\/users\/2"}],"replies":[{"embeddable":true,"href":"https:\/\/auperdi.de\/index.php?rest_route=%2Fwp%2Fv2%2Fcomments&post=371"}],"version-history":[{"count":30,"href":"https:\/\/auperdi.de\/index.php?rest_route=\/wp\/v2\/pages\/371\/revisions"}],"predecessor-version":[{"id":618,"href":"https:\/\/auperdi.de\/index.php?rest_route=\/wp\/v2\/pages\/371\/revisions\/618"}],"wp:attachment":[{"href":"https:\/\/auperdi.de\/index.php?rest_route=%2Fwp%2Fv2%2Fmedia&parent=371"}],"curies":[{"name":"wp","href":"https:\/\/api.w.org\/{rel}","templated":true}]}}