{"id":31,"date":"2024-01-11T18:17:46","date_gmt":"2024-01-11T18:17:46","guid":{"rendered":"https:\/\/new.auperdi.de\/?page_id=31"},"modified":"2026-02-26T15:15:35","modified_gmt":"2026-02-26T15:15:35","slug":"karriere","status":"publish","type":"page","link":"https:\/\/auperdi.de\/?page_id=31","title":{"rendered":"Karriere"},"content":{"rendered":"<p>[et_pb_section fb_built=&#8220;1&#8243; admin_label=&#8220;Open Position Section&#8220; _builder_version=&#8220;4.24.2&#8243; _module_preset=&#8220;default&#8220; custom_padding=&#8220;0px||0px||true|false&#8220; global_colors_info=&#8220;{}&#8220;][et_pb_row column_structure=&#8220;1_3,1_3,1_3&#8243; _builder_version=&#8220;4.24.2&#8243; _module_preset=&#8220;_initial&#8220; background_enable_image=&#8220;off&#8220; global_colors_info=&#8220;{}&#8220;][et_pb_column type=&#8220;1_3&#8243; _builder_version=&#8220;4.23.2&#8243; _module_preset=&#8220;default&#8220; global_colors_info=&#8220;{}&#8220;][\/et_pb_column][et_pb_column type=&#8220;1_3&#8243; _builder_version=&#8220;4.23.2&#8243; _module_preset=&#8220;default&#8220; global_colors_info=&#8220;{}&#8220;][et_pb_blog fullwidth=&#8220;off&#8220; include_categories=&#8220;5&#8243; use_manual_excerpt=&#8220;off&#8220; excerpt_length=&#8220;0&#8243; show_more=&#8220;on&#8220; show_author=&#8220;off&#8220; show_date=&#8220;off&#8220; show_categories=&#8220;off&#8220; show_excerpt=&#8220;off&#8220; show_pagination=&#8220;off&#8220; _builder_version=&#8220;4.24.2&#8243; _module_preset=&#8220;default&#8220; header_font=&#8220;Raleway|600|||||||&#8220; body_font=&#8220;Raleway||||||||&#8220; custom_padding=&#8220;28px|||||&#8220; hover_enabled=&#8220;0&#8243; global_colors_info=&#8220;{}&#8220; sticky_enabled=&#8220;0&#8243;][\/et_pb_blog][\/et_pb_column][et_pb_column type=&#8220;1_3&#8243; _builder_version=&#8220;4.23.2&#8243; _module_preset=&#8220;default&#8220; global_colors_info=&#8220;{}&#8220;][\/et_pb_column][\/et_pb_row][\/et_pb_section][et_pb_section fb_built=&#8220;1&#8243; _builder_version=&#8220;4.23.4&#8243; _module_preset=&#8220;default&#8220; global_colors_info=&#8220;{}&#8220;][et_pb_row _builder_version=&#8220;4.23.2&#8243; _module_preset=&#8220;_initial&#8220; custom_padding=&#8220;0px||0px||true|false&#8220; global_colors_info=&#8220;{}&#8220;][et_pb_column type=&#8220;4_4&#8243; _builder_version=&#8220;4.23.1&#8243; _module_preset=&#8220;default&#8220; global_colors_info=&#8220;{}&#8220;][et_pb_icon font_icon=&#8220;&#xf584;||fa||400&#8243; icon_color=&#8220;gcid-f2517e6f-8c69-4608-836b-c77164bb9a8b&#8220; _builder_version=&#8220;4.23.4&#8243; _module_preset=&#8220;default&#8220; custom_margin=&#8220;0px||0px||true|false&#8220; global_colors_info=&#8220;{%22gcid-f2517e6f-8c69-4608-836b-c77164bb9a8b%22:%91%22icon_color%22%93}&#8220;][\/et_pb_icon][et_pb_text _builder_version=&#8220;4.23.1&#8243; _module_preset=&#8220;default&#8220; global_colors_info=&#8220;{}&#8220;]<\/p>\n<h2 style=\"text-align: center;\">Interesse geweckt? <br \/>Worauf warten Sie noch?<\/h2>\n<p>[\/et_pb_text][\/et_pb_column][\/et_pb_row][et_pb_row _builder_version=&#8220;4.23.4&#8243; _module_preset=&#8220;_initial&#8220; global_colors_info=&#8220;{}&#8220;][et_pb_column type=&#8220;4_4&#8243; _builder_version=&#8220;4.23.4&#8243; _module_preset=&#8220;default&#8220; global_colors_info=&#8220;{}&#8220;][et_pb_button button_url=&#8220;@ET-DC@eyJkeW5hbWljIjp0cnVlLCJjb250ZW50IjoicG9zdF9saW5rX3VybF9wYWdlIiwic2V0dGluZ3MiOnsicG9zdF9pZCI6IjIxIn19@&#8220; button_text=&#8220;Jetzt bewerben!&#8220; button_alignment=&#8220;center&#8220; _builder_version=&#8220;4.24.2&#8243; _dynamic_attributes=&#8220;button_url&#8220; _module_preset=&#8220;default&#8220; custom_button=&#8220;on&#8220; button_text_size=&#8220;15px&#8220; button_text_color=&#8220;#FFFFFF&#8220; button_bg_color=&#8220;#29CB8B&#8220; button_border_width=&#8220;0px&#8220; button_border_radius=&#8220;5px&#8220; button_font=&#8220;Roboto|700|||||||&#8220; button_icon=&#8220;&#x6c;||divi||400&#8243; button_icon_placement=&#8220;left&#8220; custom_padding=&#8220;|25px||25px|false|true&#8220; global_colors_info=&#8220;{%22gcid-94dccc19-2f26-4518-9f14-b0c9ca53f8ee%22:%91%22button_bg_color__hover%22%93}&#8220; button_bg_color__hover_enabled=&#8220;on|hover&#8220; button_bg_color__hover=&#8220;#8f4d0a&#8220; button_bg_enable_color__hover=&#8220;on&#8220;][\/et_pb_button][\/et_pb_column][\/et_pb_row][\/et_pb_section]<\/p>\n","protected":false},"excerpt":{"rendered":"<p>Interesse geweckt? Worauf warten Sie noch?<\/p>\n","protected":false},"author":1,"featured_media":0,"parent":0,"menu_order":0,"comment_status":"closed","ping_status":"closed","template":"","meta":{"_et_pb_use_builder":"on","_et_pb_old_content":"<!-- wp:divi\/placeholder \/-->","_et_gb_content_width":"","footnotes":""},"class_list":["post-31","page","type-page","status-publish","hentry"],"yoast_head":"<!-- This site is optimized with the Yoast SEO plugin v25.3.1 - https:\/\/yoast.com\/wordpress\/plugins\/seo\/ -->\n<title>Karriere - Auperdi GmbH<\/title>\n<meta name=\"description\" content=\"Familiengef\u00fchrter Personaldienstleister in Weiden mit \u00fcber 20\u202fJahren Erfahrung. Arbeitnehmer\u00fcberlassung &amp; Personalvermittlung in Weiden, Schwandorf, Amberg, Tirschenreuth, Wunsiedel &amp; Marktredwitz. Pers\u00f6nlich, flexibel &amp; regional vernetzt. Wir finden Ihren n\u00e4chsten Job!\" \/>\n<meta name=\"robots\" content=\"index, follow, max-snippet:-1, max-image-preview:large, max-video-preview:-1\" \/>\n<link rel=\"canonical\" href=\"https:\/\/auperdi.de\/?page_id=31\" \/>\n<meta property=\"og:locale\" content=\"de_DE\" \/>\n<meta property=\"og:type\" content=\"article\" \/>\n<meta property=\"og:title\" content=\"Karriere - Auperdi GmbH\" \/>\n<meta property=\"og:description\" content=\"Familiengef\u00fchrter Personaldienstleister in Weiden mit \u00fcber 20\u202fJahren Erfahrung. Arbeitnehmer\u00fcberlassung &amp; Personalvermittlung in Weiden, Schwandorf, Amberg, Tirschenreuth, Wunsiedel &amp; Marktredwitz. Pers\u00f6nlich, flexibel &amp; regional vernetzt. Wir finden Ihren n\u00e4chsten Job!\" \/>\n<meta property=\"og:url\" content=\"https:\/\/auperdi.de\/?page_id=31\" \/>\n<meta property=\"og:site_name\" content=\"Auperdi GmbH\" \/>\n<meta property=\"article:modified_time\" content=\"2026-02-26T15:15:35+00:00\" \/>\n<meta name=\"twitter:card\" content=\"summary_large_image\" \/>\n<meta name=\"twitter:label1\" content=\"Gesch\u00e4tzte Lesezeit\" \/>\n\t<meta name=\"twitter:data1\" content=\"2\u00a0Minuten\" \/>\n<script type=\"application\/ld+json\" class=\"yoast-schema-graph\">{\"@context\":\"https:\/\/schema.org\",\"@graph\":[{\"@type\":\"WebPage\",\"@id\":\"https:\/\/auperdi.de\/?page_id=31\",\"url\":\"https:\/\/auperdi.de\/?page_id=31\",\"name\":\"Karriere - Auperdi GmbH\",\"isPartOf\":{\"@id\":\"https:\/\/auperdi.de\/#website\"},\"datePublished\":\"2024-01-11T18:17:46+00:00\",\"dateModified\":\"2026-02-26T15:15:35+00:00\",\"description\":\"Familiengef\u00fchrter Personaldienstleister in Weiden mit \u00fcber 20\u202fJahren Erfahrung. Arbeitnehmer\u00fcberlassung & Personalvermittlung in Weiden, Schwandorf, Amberg, Tirschenreuth, Wunsiedel & Marktredwitz. Pers\u00f6nlich, flexibel & regional vernetzt. Wir finden Ihren n\u00e4chsten Job!\",\"breadcrumb\":{\"@id\":\"https:\/\/auperdi.de\/?page_id=31#breadcrumb\"},\"inLanguage\":\"de\",\"potentialAction\":[{\"@type\":\"ReadAction\",\"target\":[\"https:\/\/auperdi.de\/?page_id=31\"]}]},{\"@type\":\"BreadcrumbList\",\"@id\":\"https:\/\/auperdi.de\/?page_id=31#breadcrumb\",\"itemListElement\":[{\"@type\":\"ListItem\",\"position\":1,\"name\":\"Startseite\",\"item\":\"https:\/\/auperdi.de\/\"},{\"@type\":\"ListItem\",\"position\":2,\"name\":\"Karriere\"}]},{\"@type\":\"WebSite\",\"@id\":\"https:\/\/auperdi.de\/#website\",\"url\":\"https:\/\/auperdi.de\/\",\"name\":\"Auperdi GmbH\",\"description\":\"Personaldienstleister\",\"publisher\":{\"@id\":\"https:\/\/auperdi.de\/#organization\"},\"potentialAction\":[{\"@type\":\"SearchAction\",\"target\":{\"@type\":\"EntryPoint\",\"urlTemplate\":\"https:\/\/auperdi.de\/?s={search_term_string}\"},\"query-input\":{\"@type\":\"PropertyValueSpecification\",\"valueRequired\":true,\"valueName\":\"search_term_string\"}}],\"inLanguage\":\"de\"},{\"@type\":\"Organization\",\"@id\":\"https:\/\/auperdi.de\/#organization\",\"name\":\"Auperdi GmbH\",\"url\":\"https:\/\/auperdi.de\/\",\"logo\":{\"@type\":\"ImageObject\",\"inLanguage\":\"de\",\"@id\":\"https:\/\/auperdi.de\/#\/schema\/logo\/image\/\",\"url\":\"https:\/\/auperdi.de\/wp-content\/uploads\/2024\/01\/Auperdi-Logo-gross.png\",\"contentUrl\":\"https:\/\/auperdi.de\/wp-content\/uploads\/2024\/01\/Auperdi-Logo-gross.png\",\"width\":1087,\"height\":655,\"caption\":\"Auperdi GmbH\"},\"image\":{\"@id\":\"https:\/\/auperdi.de\/#\/schema\/logo\/image\/\"},\"sameAs\":[\"https:\/\/www.instagram.com\/auperdi_gmbh\/\",\"https:\/\/de.linkedin.com\/company\/auperdi?trk=public_profile_experience-item_profile-section-card_image-click\"]}]}<\/script>\n<!-- \/ Yoast SEO plugin. -->","yoast_head_json":{"title":"Karriere - Auperdi GmbH","description":"Familiengef\u00fchrter Personaldienstleister in Weiden mit \u00fcber 20\u202fJahren Erfahrung. Arbeitnehmer\u00fcberlassung & Personalvermittlung in Weiden, Schwandorf, Amberg, Tirschenreuth, Wunsiedel & Marktredwitz. Pers\u00f6nlich, flexibel & regional vernetzt. Wir finden Ihren n\u00e4chsten Job!","robots":{"index":"index","follow":"follow","max-snippet":"max-snippet:-1","max-image-preview":"max-image-preview:large","max-video-preview":"max-video-preview:-1"},"canonical":"https:\/\/auperdi.de\/?page_id=31","og_locale":"de_DE","og_type":"article","og_title":"Karriere - Auperdi GmbH","og_description":"Familiengef\u00fchrter Personaldienstleister in Weiden mit \u00fcber 20\u202fJahren Erfahrung. Arbeitnehmer\u00fcberlassung & Personalvermittlung in Weiden, Schwandorf, Amberg, Tirschenreuth, Wunsiedel & Marktredwitz. Pers\u00f6nlich, flexibel & regional vernetzt. Wir finden Ihren n\u00e4chsten Job!","og_url":"https:\/\/auperdi.de\/?page_id=31","og_site_name":"Auperdi GmbH","article_modified_time":"2026-02-26T15:15:35+00:00","twitter_card":"summary_large_image","twitter_misc":{"Gesch\u00e4tzte Lesezeit":"2\u00a0Minuten"},"schema":{"@context":"https:\/\/schema.org","@graph":[{"@type":"WebPage","@id":"https:\/\/auperdi.de\/?page_id=31","url":"https:\/\/auperdi.de\/?page_id=31","name":"Karriere - Auperdi GmbH","isPartOf":{"@id":"https:\/\/auperdi.de\/#website"},"datePublished":"2024-01-11T18:17:46+00:00","dateModified":"2026-02-26T15:15:35+00:00","description":"Familiengef\u00fchrter Personaldienstleister in Weiden mit \u00fcber 20\u202fJahren Erfahrung. Arbeitnehmer\u00fcberlassung & Personalvermittlung in Weiden, Schwandorf, Amberg, Tirschenreuth, Wunsiedel & Marktredwitz. Pers\u00f6nlich, flexibel & regional vernetzt. Wir finden Ihren n\u00e4chsten Job!","breadcrumb":{"@id":"https:\/\/auperdi.de\/?page_id=31#breadcrumb"},"inLanguage":"de","potentialAction":[{"@type":"ReadAction","target":["https:\/\/auperdi.de\/?page_id=31"]}]},{"@type":"BreadcrumbList","@id":"https:\/\/auperdi.de\/?page_id=31#breadcrumb","itemListElement":[{"@type":"ListItem","position":1,"name":"Startseite","item":"https:\/\/auperdi.de\/"},{"@type":"ListItem","position":2,"name":"Karriere"}]},{"@type":"WebSite","@id":"https:\/\/auperdi.de\/#website","url":"https:\/\/auperdi.de\/","name":"Auperdi GmbH","description":"Personaldienstleister","publisher":{"@id":"https:\/\/auperdi.de\/#organization"},"potentialAction":[{"@type":"SearchAction","target":{"@type":"EntryPoint","urlTemplate":"https:\/\/auperdi.de\/?s={search_term_string}"},"query-input":{"@type":"PropertyValueSpecification","valueRequired":true,"valueName":"search_term_string"}}],"inLanguage":"de"},{"@type":"Organization","@id":"https:\/\/auperdi.de\/#organization","name":"Auperdi GmbH","url":"https:\/\/auperdi.de\/","logo":{"@type":"ImageObject","inLanguage":"de","@id":"https:\/\/auperdi.de\/#\/schema\/logo\/image\/","url":"https:\/\/auperdi.de\/wp-content\/uploads\/2024\/01\/Auperdi-Logo-gross.png","contentUrl":"https:\/\/auperdi.de\/wp-content\/uploads\/2024\/01\/Auperdi-Logo-gross.png","width":1087,"height":655,"caption":"Auperdi GmbH"},"image":{"@id":"https:\/\/auperdi.de\/#\/schema\/logo\/image\/"},"sameAs":["https:\/\/www.instagram.com\/auperdi_gmbh\/","https:\/\/de.linkedin.com\/company\/auperdi?trk=public_profile_experience-item_profile-section-card_image-click"]}]}},"_links":{"self":[{"href":"https:\/\/auperdi.de\/index.php?rest_route=\/wp\/v2\/pages\/31","targetHints":{"allow":["GET"]}}],"collection":[{"href":"https:\/\/auperdi.de\/index.php?rest_route=\/wp\/v2\/pages"}],"about":[{"href":"https:\/\/auperdi.de\/index.php?rest_route=\/wp\/v2\/types\/page"}],"author":[{"embeddable":true,"href":"https:\/\/auperdi.de\/index.php?rest_route=\/wp\/v2\/users\/1"}],"replies":[{"embeddable":true,"href":"https:\/\/auperdi.de\/index.php?rest_route=%2Fwp%2Fv2%2Fcomments&post=31"}],"version-history":[{"count":15,"href":"https:\/\/auperdi.de\/index.php?rest_route=\/wp\/v2\/pages\/31\/revisions"}],"predecessor-version":[{"id":628,"href":"https:\/\/auperdi.de\/index.php?rest_route=\/wp\/v2\/pages\/31\/revisions\/628"}],"wp:attachment":[{"href":"https:\/\/auperdi.de\/index.php?rest_route=%2Fwp%2Fv2%2Fmedia&parent=31"}],"curies":[{"name":"wp","href":"https:\/\/api.w.org\/{rel}","templated":true}]}}