{"id":25,"date":"2024-01-11T18:17:10","date_gmt":"2024-01-11T18:17:10","guid":{"rendered":"https:\/\/new.auperdi.de\/?page_id=25"},"modified":"2025-06-15T11:11:58","modified_gmt":"2025-06-15T11:11:58","slug":"impressum","status":"publish","type":"page","link":"https:\/\/auperdi.de\/?page_id=25","title":{"rendered":"Impressum"},"content":{"rendered":"<p>[et_pb_section fb_built=&#8220;1&#8243; _builder_version=&#8220;4.23.4&#8243; _module_preset=&#8220;default&#8220; background_image=&#8220;http:\/\/auperdi.de\/wp-content\/uploads\/2024\/01\/Auperdi_Logo_Transparent_9.jpeg&#8220; background_size=&#8220;initial&#8220; background_position=&#8220;top_center&#8220; background_vertical_offset=&#8220;18%&#8220; global_colors_info=&#8220;{}&#8220;][et_pb_row _builder_version=&#8220;4.23.1&#8243; _module_preset=&#8220;_initial&#8220; global_colors_info=&#8220;{}&#8220;][et_pb_column type=&#8220;4_4&#8243; _builder_version=&#8220;4.23.1&#8243; _module_preset=&#8220;default&#8220; global_colors_info=&#8220;{}&#8220;][et_pb_blurb _builder_version=&#8220;4.24.2&#8243; _module_preset=&#8220;default&#8220; hover_enabled=&#8220;0&#8243; global_colors_info=&#8220;{}&#8220; sticky_enabled=&#8220;0&#8243; content_max_width=&#8220;1100px&#8220;]<\/p>\n<h1>Impressum<\/h1>\n<p>Angaben gem\u00e4\u00df \u00a7 5 DDG<\/p>\n<p>Auperdi GmbH<br \/>Bahnhofstr. 19<br \/>92637 Weiden<\/p>\n<p><strong>Vertreten durch: <\/strong><br \/>Bernhard Markl<br \/>Steffen Markl<\/p>\n<p><strong>Kontakt:<\/strong><br \/>Telefon: 0961\/47054-140<br \/>E-Mail: <a href=\"mailto:max@muster.de\">info@auperdi.de<\/a><\/p>\n<p><strong>Registereintrag: <\/strong><br \/>Eintragung im Registergericht: Weiden<br \/>Registernummer: HRB 2559<\/p>\n<p><strong>Umsatzsteuer-ID: <\/strong><br \/>Umsatzsteuer-Identifikationsnummer gem\u00e4\u00df \u00a727a Umsatzsteuergesetz: DE225912907<\/p>\n<p><strong>Zust\u00e4ndige Aufsichtsbeh\u00f6rde:<br \/><\/strong><span style=\"text-align: var(--text-align); color: var( --e-global-color-text ); font-family: var( --e-global-typography-688e180-font-family ), Sans-serif; font-size: var( --e-global-typography-688e180-font-size ); font-weight: var( --e-global-typography-688e180-font-weight ); letter-spacing: var( --e-global-typography-688e180-letter-spacing ); word-spacing: var( --e-global-typography-688e180-word-spacing );\">Bundesagentur f\u00fcr Arbeit<br \/><\/span><span style=\"text-align: var(--text-align); color: var( --e-global-color-text ); font-family: var( --e-global-typography-688e180-font-family ), Sans-serif; font-size: var( --e-global-typography-688e180-font-size ); font-weight: var( --e-global-typography-688e180-font-weight ); letter-spacing: var( --e-global-typography-688e180-letter-spacing ); word-spacing: var( --e-global-typography-688e180-word-spacing );\">Regionaldirektion Bayern<br \/><\/span><span style=\"color: var( --e-global-color-text ); font-family: var( --e-global-typography-688e180-font-family ), Sans-serif; font-size: var( --e-global-typography-688e180-font-size ); font-weight: var( --e-global-typography-688e180-font-weight ); letter-spacing: var( --e-global-typography-688e180-letter-spacing ); text-align: var(--text-align); word-spacing: var( --e-global-typography-688e180-word-spacing );\">Regensburger Stra\u00dfe 100<br \/><\/span><span style=\"color: var( --e-global-color-text ); font-family: var( --e-global-typography-688e180-font-family ), Sans-serif; font-size: var( --e-global-typography-688e180-font-size ); font-weight: var( --e-global-typography-688e180-font-weight ); letter-spacing: var( --e-global-typography-688e180-letter-spacing ); text-align: var(--text-align); word-spacing: var( --e-global-typography-688e180-word-spacing );\">90478 N\u00fcrnberg<\/span><\/p>\n<p><strong><br \/>Haftungsausschluss: <\/strong><\/p>\n<p><strong>Haftung f\u00fcr Inhalte<\/strong><\/p>\n<p>Die Inhalte unserer Seiten wurden mit gr\u00f6\u00dfter Sorgfalt erstellt. F\u00fcr die Richtigkeit, Vollst\u00e4ndigkeit und Aktualit\u00e4t der Inhalte k\u00f6nnen wir jedoch keine Gew\u00e4hr \u00fcbernehmen. Als Diensteanbieter sind wir gem\u00e4\u00df \u00a7 7 Abs.1 DDG f\u00fcr eigene Inhalte auf diesen Seiten nach den allgemeinen Gesetzen verantwortlich. Nach \u00a7\u00a7 8 bis 10 DDG sind wir als Diensteanbieter jedoch nicht verpflichtet, \u00fcbermittelte oder gespeicherte fremde Informationen zu \u00fcberwachen oder nach Umst\u00e4nden zu forschen, die auf eine rechtswidrige T\u00e4tigkeit hinweisen. Verpflichtungen zur Entfernung oder Sperrung der Nutzung von Informationen nach den allgemeinen Gesetzen bleiben hiervon unber\u00fchrt. Eine diesbez\u00fcgliche Haftung ist jedoch erst ab dem Zeitpunkt der Kenntnis einer konkreten Rechtsverletzung m\u00f6glich. Bei Bekanntwerden von entsprechenden Rechtsverletzungen werden wir diese Inhalte umgehend entfernen.<\/p>\n<p><strong>Haftung f\u00fcr Links<\/strong><\/p>\n<p>Unser Angebot enth\u00e4lt Links zu externen Webseiten Dritter, auf deren Inhalte wir keinen Einfluss haben. Deshalb k\u00f6nnen wir f\u00fcr diese fremden Inhalte auch keine Gew\u00e4hr \u00fcbernehmen. F\u00fcr die Inhalte der verlinkten Seiten ist stets der jeweilige Anbieter oder Betreiber der Seiten verantwortlich. Die verlinkten Seiten wurden zum Zeitpunkt der Verlinkung auf m\u00f6gliche Rechtsverst\u00f6\u00dfe \u00fcberpr\u00fcft. Rechtswidrige Inhalte waren zum Zeitpunkt der Verlinkung nicht erkennbar. Eine permanente inhaltliche Kontrolle der verlinkten Seiten ist jedoch ohne konkrete Anhaltspunkte einer Rechtsverletzung nicht zumutbar. Bei Bekanntwerden von Rechtsverletzungen werden wir derartige Links umgehend entfernen.<\/p>\n<p><strong>Urheberrecht<\/strong><\/p>\n<p>Die durch die Seitenbetreiber erstellten Inhalte und Werke auf diesen Seiten unterliegen dem deutschen Urheberrecht. Die Vervielf\u00e4ltigung, Bearbeitung, Verbreitung und jede Art der Verwertung au\u00dferhalb der Grenzen des Urheberrechtes bed\u00fcrfen der schriftlichen Zustimmung des jeweiligen Autors bzw. Erstellers. Downloads und Kopien dieser Seite sind nur f\u00fcr den privaten, nicht kommerziellen Gebrauch gestattet. Soweit die Inhalte auf dieser Seite nicht vom Betreiber erstellt wurden, werden die Urheberrechte Dritter beachtet. Insbesondere werden Inhalte Dritter als solche gekennzeichnet. Sollten Sie trotzdem auf eine Urheberrechtsverletzung aufmerksam werden, bitten wir um einen entsprechenden Hinweis. Bei Bekanntwerden von Rechtsverletzungen werden wir derartige Inhalte umgehend entfernen.<\/p>\n<p><strong>Datenschutz<\/strong><\/p>\n<p>Die Nutzung unserer Webseite ist in der Regel ohne Angabe personenbezogener Daten m\u00f6glich. Soweit auf unseren Seiten personenbezogene Daten (beispielsweise Name, Anschrift oder eMail-Adressen) erhoben werden, erfolgt dies, soweit m\u00f6glich, stets auf freiwilliger Basis. Diese Daten werden ohne Ihre ausdr\u00fcckliche Zustimmung nicht an Dritte weitergegeben.<br \/>Wir weisen darauf hin, dass die Daten\u00fcbertragung im Internet (z.B. bei der Kommunikation per E-Mail) Sicherheitsl\u00fccken aufweisen kann. Ein l\u00fcckenloser Schutz der Daten vor dem Zugriff durch Dritte ist nicht m\u00f6glich.<br \/>Der Nutzung von im Rahmen der Impressumspflicht ver\u00f6ffentlichten Kontaktdaten durch Dritte zur \u00dcbersendung von nicht ausdr\u00fccklich angeforderter Werbung und Informationsmaterialien wird hiermit ausdr\u00fccklich widersprochen. Die Betreiber der Seiten behalten sich ausdr\u00fccklich rechtliche Schritte im Falle der unverlangten Zusendung von Werbeinformationen, etwa durch Spam-Mails, vor.<\/p>\n<p>[\/et_pb_blurb][\/et_pb_column][\/et_pb_row][\/et_pb_section]<\/p>\n","protected":false},"excerpt":{"rendered":"<p>Impressum Angaben gem\u00e4\u00df \u00a7 5 DDG Auperdi GmbHBahnhofstr. 1992637 Weiden Vertreten durch: Bernhard MarklSteffen Markl Kontakt:Telefon: 0961\/47054-140E-Mail: info@auperdi.de Registereintrag: Eintragung im Registergericht: WeidenRegisternummer: HRB 2559 Umsatzsteuer-ID: Umsatzsteuer-Identifikationsnummer gem\u00e4\u00df \u00a727a Umsatzsteuergesetz: DE225912907 Zust\u00e4ndige Aufsichtsbeh\u00f6rde:Bundesagentur f\u00fcr ArbeitRegionaldirektion BayernRegensburger Stra\u00dfe 10090478 N\u00fcrnberg Haftungsausschluss: Haftung f\u00fcr Inhalte Die Inhalte unserer Seiten wurden mit gr\u00f6\u00dfter Sorgfalt erstellt. F\u00fcr die Richtigkeit, [&hellip;]<\/p>\n","protected":false},"author":1,"featured_media":0,"parent":0,"menu_order":0,"comment_status":"closed","ping_status":"closed","template":"","meta":{"_et_pb_use_builder":"on","_et_pb_old_content":"<!-- wp:divi\/placeholder \/-->","_et_gb_content_width":"","footnotes":""},"class_list":["post-25","page","type-page","status-publish","hentry"],"yoast_head":"<!-- This site is optimized with the Yoast SEO plugin v25.3.1 - https:\/\/yoast.com\/wordpress\/plugins\/seo\/ -->\n<title>Impressum - Auperdi GmbH<\/title>\n<meta name=\"description\" content=\"Familiengef\u00fchrter Personaldienstleister in Weiden mit \u00fcber 20\u202fJahren Erfahrung. Arbeitnehmer\u00fcberlassung &amp; Personalvermittlung in Weiden, Schwandorf, Amberg, Tirschenreuth, Wunsiedel &amp; Marktredwitz. Pers\u00f6nlich, flexibel &amp; regional vernetzt. Wir finden Ihren n\u00e4chsten Job!\" \/>\n<meta name=\"robots\" content=\"index, follow, max-snippet:-1, max-image-preview:large, max-video-preview:-1\" \/>\n<link rel=\"canonical\" href=\"https:\/\/auperdi.de\/?page_id=25\" \/>\n<meta property=\"og:locale\" content=\"de_DE\" \/>\n<meta property=\"og:type\" content=\"article\" \/>\n<meta property=\"og:title\" content=\"Impressum - Auperdi GmbH\" \/>\n<meta property=\"og:description\" content=\"Familiengef\u00fchrter Personaldienstleister in Weiden mit \u00fcber 20\u202fJahren Erfahrung. Arbeitnehmer\u00fcberlassung &amp; Personalvermittlung in Weiden, Schwandorf, Amberg, Tirschenreuth, Wunsiedel &amp; Marktredwitz. Pers\u00f6nlich, flexibel &amp; regional vernetzt. Wir finden Ihren n\u00e4chsten Job!\" \/>\n<meta property=\"og:url\" content=\"https:\/\/auperdi.de\/?page_id=25\" \/>\n<meta property=\"og:site_name\" content=\"Auperdi GmbH\" \/>\n<meta property=\"article:modified_time\" content=\"2025-06-15T11:11:58+00:00\" \/>\n<meta name=\"twitter:card\" content=\"summary_large_image\" \/>\n<meta name=\"twitter:label1\" content=\"Gesch\u00e4tzte Lesezeit\" \/>\n\t<meta name=\"twitter:data1\" content=\"3\u00a0Minuten\" \/>\n<script type=\"application\/ld+json\" class=\"yoast-schema-graph\">{\"@context\":\"https:\/\/schema.org\",\"@graph\":[{\"@type\":\"WebPage\",\"@id\":\"https:\/\/auperdi.de\/?page_id=25\",\"url\":\"https:\/\/auperdi.de\/?page_id=25\",\"name\":\"Impressum - Auperdi GmbH\",\"isPartOf\":{\"@id\":\"https:\/\/auperdi.de\/#website\"},\"datePublished\":\"2024-01-11T18:17:10+00:00\",\"dateModified\":\"2025-06-15T11:11:58+00:00\",\"description\":\"Familiengef\u00fchrter Personaldienstleister in Weiden mit \u00fcber 20\u202fJahren Erfahrung. Arbeitnehmer\u00fcberlassung & Personalvermittlung in Weiden, Schwandorf, Amberg, Tirschenreuth, Wunsiedel & Marktredwitz. Pers\u00f6nlich, flexibel & regional vernetzt. Wir finden Ihren n\u00e4chsten Job!\",\"breadcrumb\":{\"@id\":\"https:\/\/auperdi.de\/?page_id=25#breadcrumb\"},\"inLanguage\":\"de\",\"potentialAction\":[{\"@type\":\"ReadAction\",\"target\":[\"https:\/\/auperdi.de\/?page_id=25\"]}]},{\"@type\":\"BreadcrumbList\",\"@id\":\"https:\/\/auperdi.de\/?page_id=25#breadcrumb\",\"itemListElement\":[{\"@type\":\"ListItem\",\"position\":1,\"name\":\"Startseite\",\"item\":\"https:\/\/auperdi.de\/\"},{\"@type\":\"ListItem\",\"position\":2,\"name\":\"Impressum\"}]},{\"@type\":\"WebSite\",\"@id\":\"https:\/\/auperdi.de\/#website\",\"url\":\"https:\/\/auperdi.de\/\",\"name\":\"Auperdi GmbH\",\"description\":\"Personaldienstleister\",\"publisher\":{\"@id\":\"https:\/\/auperdi.de\/#organization\"},\"potentialAction\":[{\"@type\":\"SearchAction\",\"target\":{\"@type\":\"EntryPoint\",\"urlTemplate\":\"https:\/\/auperdi.de\/?s={search_term_string}\"},\"query-input\":{\"@type\":\"PropertyValueSpecification\",\"valueRequired\":true,\"valueName\":\"search_term_string\"}}],\"inLanguage\":\"de\"},{\"@type\":\"Organization\",\"@id\":\"https:\/\/auperdi.de\/#organization\",\"name\":\"Auperdi GmbH\",\"url\":\"https:\/\/auperdi.de\/\",\"logo\":{\"@type\":\"ImageObject\",\"inLanguage\":\"de\",\"@id\":\"https:\/\/auperdi.de\/#\/schema\/logo\/image\/\",\"url\":\"https:\/\/auperdi.de\/wp-content\/uploads\/2024\/01\/Auperdi-Logo-gross.png\",\"contentUrl\":\"https:\/\/auperdi.de\/wp-content\/uploads\/2024\/01\/Auperdi-Logo-gross.png\",\"width\":1087,\"height\":655,\"caption\":\"Auperdi GmbH\"},\"image\":{\"@id\":\"https:\/\/auperdi.de\/#\/schema\/logo\/image\/\"},\"sameAs\":[\"https:\/\/www.instagram.com\/auperdi_gmbh\/\",\"https:\/\/de.linkedin.com\/company\/auperdi?trk=public_profile_experience-item_profile-section-card_image-click\"]}]}<\/script>\n<!-- \/ Yoast SEO plugin. -->","yoast_head_json":{"title":"Impressum - Auperdi GmbH","description":"Familiengef\u00fchrter Personaldienstleister in Weiden mit \u00fcber 20\u202fJahren Erfahrung. Arbeitnehmer\u00fcberlassung & Personalvermittlung in Weiden, Schwandorf, Amberg, Tirschenreuth, Wunsiedel & Marktredwitz. Pers\u00f6nlich, flexibel & regional vernetzt. Wir finden Ihren n\u00e4chsten Job!","robots":{"index":"index","follow":"follow","max-snippet":"max-snippet:-1","max-image-preview":"max-image-preview:large","max-video-preview":"max-video-preview:-1"},"canonical":"https:\/\/auperdi.de\/?page_id=25","og_locale":"de_DE","og_type":"article","og_title":"Impressum - Auperdi GmbH","og_description":"Familiengef\u00fchrter Personaldienstleister in Weiden mit \u00fcber 20\u202fJahren Erfahrung. Arbeitnehmer\u00fcberlassung & Personalvermittlung in Weiden, Schwandorf, Amberg, Tirschenreuth, Wunsiedel & Marktredwitz. Pers\u00f6nlich, flexibel & regional vernetzt. Wir finden Ihren n\u00e4chsten Job!","og_url":"https:\/\/auperdi.de\/?page_id=25","og_site_name":"Auperdi GmbH","article_modified_time":"2025-06-15T11:11:58+00:00","twitter_card":"summary_large_image","twitter_misc":{"Gesch\u00e4tzte Lesezeit":"3\u00a0Minuten"},"schema":{"@context":"https:\/\/schema.org","@graph":[{"@type":"WebPage","@id":"https:\/\/auperdi.de\/?page_id=25","url":"https:\/\/auperdi.de\/?page_id=25","name":"Impressum - Auperdi GmbH","isPartOf":{"@id":"https:\/\/auperdi.de\/#website"},"datePublished":"2024-01-11T18:17:10+00:00","dateModified":"2025-06-15T11:11:58+00:00","description":"Familiengef\u00fchrter Personaldienstleister in Weiden mit \u00fcber 20\u202fJahren Erfahrung. Arbeitnehmer\u00fcberlassung & Personalvermittlung in Weiden, Schwandorf, Amberg, Tirschenreuth, Wunsiedel & Marktredwitz. Pers\u00f6nlich, flexibel & regional vernetzt. Wir finden Ihren n\u00e4chsten Job!","breadcrumb":{"@id":"https:\/\/auperdi.de\/?page_id=25#breadcrumb"},"inLanguage":"de","potentialAction":[{"@type":"ReadAction","target":["https:\/\/auperdi.de\/?page_id=25"]}]},{"@type":"BreadcrumbList","@id":"https:\/\/auperdi.de\/?page_id=25#breadcrumb","itemListElement":[{"@type":"ListItem","position":1,"name":"Startseite","item":"https:\/\/auperdi.de\/"},{"@type":"ListItem","position":2,"name":"Impressum"}]},{"@type":"WebSite","@id":"https:\/\/auperdi.de\/#website","url":"https:\/\/auperdi.de\/","name":"Auperdi GmbH","description":"Personaldienstleister","publisher":{"@id":"https:\/\/auperdi.de\/#organization"},"potentialAction":[{"@type":"SearchAction","target":{"@type":"EntryPoint","urlTemplate":"https:\/\/auperdi.de\/?s={search_term_string}"},"query-input":{"@type":"PropertyValueSpecification","valueRequired":true,"valueName":"search_term_string"}}],"inLanguage":"de"},{"@type":"Organization","@id":"https:\/\/auperdi.de\/#organization","name":"Auperdi GmbH","url":"https:\/\/auperdi.de\/","logo":{"@type":"ImageObject","inLanguage":"de","@id":"https:\/\/auperdi.de\/#\/schema\/logo\/image\/","url":"https:\/\/auperdi.de\/wp-content\/uploads\/2024\/01\/Auperdi-Logo-gross.png","contentUrl":"https:\/\/auperdi.de\/wp-content\/uploads\/2024\/01\/Auperdi-Logo-gross.png","width":1087,"height":655,"caption":"Auperdi GmbH"},"image":{"@id":"https:\/\/auperdi.de\/#\/schema\/logo\/image\/"},"sameAs":["https:\/\/www.instagram.com\/auperdi_gmbh\/","https:\/\/de.linkedin.com\/company\/auperdi?trk=public_profile_experience-item_profile-section-card_image-click"]}]}},"_links":{"self":[{"href":"https:\/\/auperdi.de\/index.php?rest_route=\/wp\/v2\/pages\/25","targetHints":{"allow":["GET"]}}],"collection":[{"href":"https:\/\/auperdi.de\/index.php?rest_route=\/wp\/v2\/pages"}],"about":[{"href":"https:\/\/auperdi.de\/index.php?rest_route=\/wp\/v2\/types\/page"}],"author":[{"embeddable":true,"href":"https:\/\/auperdi.de\/index.php?rest_route=\/wp\/v2\/users\/1"}],"replies":[{"embeddable":true,"href":"https:\/\/auperdi.de\/index.php?rest_route=%2Fwp%2Fv2%2Fcomments&post=25"}],"version-history":[{"count":6,"href":"https:\/\/auperdi.de\/index.php?rest_route=\/wp\/v2\/pages\/25\/revisions"}],"predecessor-version":[{"id":457,"href":"https:\/\/auperdi.de\/index.php?rest_route=\/wp\/v2\/pages\/25\/revisions\/457"}],"wp:attachment":[{"href":"https:\/\/auperdi.de\/index.php?rest_route=%2Fwp%2Fv2%2Fmedia&parent=25"}],"curies":[{"name":"wp","href":"https:\/\/api.w.org\/{rel}","templated":true}]}}