{"id":21,"date":"2024-01-11T18:16:43","date_gmt":"2024-01-11T18:16:43","guid":{"rendered":"https:\/\/new.auperdi.de\/?page_id=21"},"modified":"2026-02-26T15:12:30","modified_gmt":"2026-02-26T15:12:30","slug":"bewerbung","status":"publish","type":"page","link":"https:\/\/auperdi.de\/?page_id=21","title":{"rendered":"Bewerbung"},"content":{"rendered":"<p>[et_pb_section fb_built=&#8220;1&#8243; _builder_version=&#8220;4.23.2&#8243; _module_preset=&#8220;default&#8220; global_colors_info=&#8220;{}&#8220;][et_pb_row _builder_version=&#8220;4.23.2&#8243; _module_preset=&#8220;_initial&#8220; global_colors_info=&#8220;{}&#8220;][et_pb_column type=&#8220;4_4&#8243; _builder_version=&#8220;4.23.2&#8243; _module_preset=&#8220;default&#8220; global_colors_info=&#8220;{}&#8220;][et_pb_text _builder_version=&#8220;4.24.2&#8243; _module_preset=&#8220;default&#8220; text_font=&#8220;Raleway|700||on|||||&#8220; text_text_color=&#8220;#000DFF&#8220; text_letter_spacing=&#8220;4px&#8220; text_orientation=&#8220;center&#8220; global_colors_info=&#8220;{}&#8220;]<\/p>\n<p><span>familiengef\u00fchrt und erfahren &#8211; AUPERDI, Ihr Personaldienstleister<\/span><\/p>\n<p>[\/et_pb_text][et_pb_text _builder_version=&#8220;4.23.4&#8243; _module_preset=&#8220;default&#8220; header_font_size=&#8220;60px&#8220; text_orientation=&#8220;center&#8220; header_font_size_tablet=&#8220;60px&#8220; header_font_size_phone=&#8220;50px&#8220; header_font_size_last_edited=&#8220;on|phone&#8220; global_colors_info=&#8220;{}&#8220;]<\/p>\n<h1>Bewerbungsformular<\/h1>\n<p>[\/et_pb_text][\/et_pb_column][\/et_pb_row][et_pb_row _builder_version=&#8220;4.24.2&#8243; _module_preset=&#8220;_initial&#8220; custom_padding=&#8220;|1px||||&#8220; global_colors_info=&#8220;{}&#8220;][et_pb_column type=&#8220;4_4&#8243; _builder_version=&#8220;4.24.2&#8243; _module_preset=&#8220;default&#8220; global_colors_info=&#8220;{}&#8220;][dvppl_cf7_styler cf7=&#8220;62&#8243; _builder_version=&#8220;4.24.2&#8243; _module_preset=&#8220;default&#8220; form_field_font_font=&#8220;Raleway||||||||&#8220; labels_font=&#8220;Raleway||||||||&#8220; placeholder_font=&#8220;Raleway||||||||&#8220; custom_submit_button=&#8220;on&#8220; submit_button_text_color=&#8220;gcid-20773ba5-5abd-49ca-9ba9-b3a50c16809a&#8220; submit_button_bg_color=&#8220;#29CB8B&#8220; submit_button_border_width=&#8220;0px&#8220; submit_button_border_color=&#8220;gcid-dc73a9c8-a500-4c1e-bc5b-07aaaaacd1d7&#8243; submit_button_font=&#8220;Raleway|700|||||||&#8220; width=&#8220;100%&#8220; global_colors_info=&#8220;{%22gcid-20773ba5-5abd-49ca-9ba9-b3a50c16809a%22:%91%22submit_button_text_color%22%93,%22gcid-dc73a9c8-a500-4c1e-bc5b-07aaaaacd1d7%22:%91%22submit_button_border_color%22%93}&#8220;][\/dvppl_cf7_styler][\/et_pb_column][\/et_pb_row][\/et_pb_section][et_pb_section fb_built=&#8220;1&#8243; _builder_version=&#8220;4.24.2&#8243; _module_preset=&#8220;default&#8220; background_color=&#8220;#000DFF&#8220; custom_margin=&#8220;-49px|||||&#8220; custom_padding=&#8220;||0px|||&#8220; global_colors_info=&#8220;{}&#8220;][et_pb_row column_structure=&#8220;1_4,1_4,1_4,1_4&#8243; use_custom_gutter=&#8220;on&#8220; gutter_width=&#8220;2&#8243; make_equal=&#8220;on&#8220; _builder_version=&#8220;4.24.2&#8243; _module_preset=&#8220;default&#8220; height=&#8220;181px&#8220; custom_margin=&#8220;-20px|auto|47px|auto|false|false&#8220; custom_padding=&#8220;13px||583px|||&#8220; global_colors_info=&#8220;%91%93&#8243;][et_pb_column type=&#8220;1_4&#8243; _builder_version=&#8220;4.24.2&#8243; _module_preset=&#8220;default&#8220; animation_style=&#8220;fade&#8220; global_colors_info=&#8220;{}&#8220;][et_pb_text _builder_version=&#8220;4.24.2&#8243; _dynamic_attributes=&#8220;link_option_url&#8220; _module_preset=&#8220;default&#8220; text_font=&#8220;Rubik||||||||&#8220; text_text_color=&#8220;#FFFFFF&#8220; text_font_size=&#8220;16px&#8220; background_color=&#8220;RGBA(255,255,255,0)&#8220; custom_margin=&#8220;|15px||15px|false|true&#8220; link_option_url=&#8220;@ET-DC@eyJkeW5hbWljIjp0cnVlLCJjb250ZW50IjoicG9zdF9saW5rX3VybF9wYWdlIiwic2V0dGluZ3MiOnsicG9zdF9pZCI6IjEyOTIifX0=@&#8220; global_colors_info=&#8220;%91%93&#8243;]<\/p>\n<p style=\"text-align: left;\">Kontakt<\/p>\n<p>[\/et_pb_text][et_pb_blurb url=&#8220;tel:0049961470540&#8243; icon_placement=&#8220;left&#8220; image_icon_width=&#8220;26px&#8220; _builder_version=&#8220;4.24.2&#8243; _module_preset=&#8220;default&#8220; body_font=&#8220;Roboto|300|||||||&#8220; body_text_color=&#8220;#FFFFFF&#8220; body_font_size=&#8220;16px&#8220; background_layout=&#8220;dark&#8220; module_alignment=&#8220;left&#8220; custom_margin=&#8220;||0px||false|false&#8220; custom_padding=&#8220;||||false|false&#8220; global_colors_info=&#8220;{%22gcid-f2517e6f-8c69-4608-836b-c77164bb9a8b%22:%91%22icon_color%22%93}&#8220;]<\/p>\n<p>+49 961\/47054-0<\/p>\n<p>[\/et_pb_blurb][et_pb_blurb url=&#8220;mailto:info@gsi-schulungen.de&#8220; icon_placement=&#8220;left&#8220; image_icon_width=&#8220;26px&#8220; _builder_version=&#8220;4.24.2&#8243; _module_preset=&#8220;default&#8220; body_font=&#8220;Roboto|300|||||||&#8220; body_text_color=&#8220;#FFFFFF&#8220; body_font_size=&#8220;16px&#8220; global_colors_info=&#8220;{%22gcid-f2517e6f-8c69-4608-836b-c77164bb9a8b%22:%91%22icon_color%22%93}&#8220;]<\/p>\n<p>info@auperdi.de<\/p>\n<p>[\/et_pb_blurb][\/et_pb_column][et_pb_column type=&#8220;1_4&#8243; _builder_version=&#8220;4.24.2&#8243; _module_preset=&#8220;default&#8220; animation_style=&#8220;fade&#8220; animation_delay=&#8220;500ms&#8220; global_colors_info=&#8220;{}&#8220;][et_pb_text _builder_version=&#8220;4.24.2&#8243; _module_preset=&#8220;default&#8220; text_font=&#8220;Rubik||||||||&#8220; text_text_color=&#8220;#FFFFFF&#8220; text_font_size=&#8220;16px&#8220; custom_margin=&#8220;|15px||15px|false|true&#8220; global_colors_info=&#8220;%91%93&#8243;]<\/p>\n<p style=\"text-align: left;\">Adresse<\/p>\n<p>[\/et_pb_text][et_pb_blurb icon_placement=&#8220;left&#8220; image_icon_width=&#8220;26px&#8220; _builder_version=&#8220;4.24.2&#8243; _module_preset=&#8220;default&#8220; body_font=&#8220;Roboto|300|||||||&#8220; body_text_color=&#8220;#FFFFFF&#8220; body_font_size=&#8220;16px&#8220; background_color=&#8220;RGBA(255,255,255,0)&#8220; custom_margin=&#8220;||25px|||&#8220; global_colors_info=&#8220;{%22gcid-f2517e6f-8c69-4608-836b-c77164bb9a8b%22:%91%22icon_color%22%93}&#8220;]<\/p>\n<p>Bahnhofstra\u00dfe 19<br \/>92637 Weiden<br \/>Deutschland<\/p>\n<p>[\/et_pb_blurb][\/et_pb_column][et_pb_column type=&#8220;1_4&#8243; _builder_version=&#8220;4.24.2&#8243; _module_preset=&#8220;default&#8220; animation_style=&#8220;fade&#8220; animation_delay=&#8220;1000ms&#8220; global_colors_info=&#8220;{}&#8220;][et_pb_text _builder_version=&#8220;4.24.2&#8243; _module_preset=&#8220;default&#8220; text_font=&#8220;Rubik||||||||&#8220; text_text_color=&#8220;#FFFFFF&#8220; text_font_size=&#8220;16px&#8220; background_color=&#8220;RGBA(255,255,255,0)&#8220; custom_margin=&#8220;|15px||15px|false|true&#8220; global_colors_info=&#8220;%91%93&#8243;]<\/p>\n<p style=\"text-align: left;\">Anfahrt<\/p>\n<p>[\/et_pb_text][et_pb_blurb icon_placement=&#8220;left&#8220; image_icon_width=&#8220;26px&#8220; _builder_version=&#8220;4.24.2&#8243; _module_preset=&#8220;default&#8220; body_font=&#8220;Roboto|300|||||||&#8220; body_text_color=&#8220;#FFFFFF&#8220; body_font_size=&#8220;16px&#8220; link_option_url=&#8220;https:\/\/maps.app.goo.gl\/PmvBZ8k8pM84d5Wb8&#8243; link_option_url_new_window=&#8220;on&#8220; global_colors_info=&#8220;{%22gcid-f2517e6f-8c69-4608-836b-c77164bb9a8b%22:%91%22icon_color%22%93}&#8220;]<\/p>\n<p>Google Maps<\/p>\n<p>[\/et_pb_blurb][\/et_pb_column][et_pb_column type=&#8220;1_4&#8243; _builder_version=&#8220;4.24.2&#8243; _module_preset=&#8220;default&#8220; animation_style=&#8220;fade&#8220; animation_delay=&#8220;1500ms&#8220; global_colors_info=&#8220;{}&#8220;][et_pb_text _builder_version=&#8220;4.23.1&#8243; _module_preset=&#8220;default&#8220; text_font=&#8220;Rubik||||||||&#8220; text_text_color=&#8220;#FFFFFF&#8220; text_font_size=&#8220;16px&#8220; custom_margin=&#8220;|15px||15px|false|true&#8220; global_colors_info=&#8220;%91%93&#8243;]<\/p>\n<p style=\"text-align: left;\">Rechtliches<\/p>\n<p>[\/et_pb_text][et_pb_blurb icon_placement=&#8220;left&#8220; image_icon_width=&#8220;26px&#8220; _builder_version=&#8220;4.24.2&#8243; _dynamic_attributes=&#8220;link_option_url&#8220; _module_preset=&#8220;default&#8220; body_font=&#8220;Roboto|300|||||||&#8220; body_text_color=&#8220;#FFFFFF&#8220; body_font_size=&#8220;16px&#8220; background_color=&#8220;RGBA(255,255,255,0)&#8220; custom_margin=&#8220;||0px||false|false&#8220; link_option_url=&#8220;@ET-DC@eyJkeW5hbWljIjp0cnVlLCJjb250ZW50IjoicG9zdF9saW5rX3VybF9wYWdlIiwic2V0dGluZ3MiOnsicG9zdF9pZCI6IjI1In19@&#8220; global_colors_info=&#8220;{%22gcid-f2517e6f-8c69-4608-836b-c77164bb9a8b%22:%91%22icon_color%22%93}&#8220;]<\/p>\n<p>Impressum<\/p>\n<p>[\/et_pb_blurb][et_pb_blurb icon_placement=&#8220;left&#8220; image_icon_width=&#8220;26px&#8220; _builder_version=&#8220;4.24.2&#8243; _dynamic_attributes=&#8220;link_option_url&#8220; _module_preset=&#8220;default&#8220; body_font=&#8220;Roboto|300|||||||&#8220; body_text_color=&#8220;#FFFFFF&#8220; body_font_size=&#8220;16px&#8220; link_option_url=&#8220;@ET-DC@eyJkeW5hbWljIjp0cnVlLCJjb250ZW50IjoicG9zdF9saW5rX3VybF9wYWdlIiwic2V0dGluZ3MiOnsicG9zdF9pZCI6IjIzIn19@&#8220; global_colors_info=&#8220;{%22gcid-f2517e6f-8c69-4608-836b-c77164bb9a8b%22:%91%22icon_color%22%93}&#8220;]<\/p>\n<p>Datenschutz<\/p>\n<p>[\/et_pb_blurb][\/et_pb_column][\/et_pb_row][et_pb_row use_custom_gutter=&#8220;on&#8220; gutter_width=&#8220;2&#8243; _builder_version=&#8220;4.24.2&#8243; _module_preset=&#8220;default&#8220; min_height=&#8220;126.4px&#8220; custom_margin=&#8220;-28px|auto||auto||&#8220; custom_padding=&#8220;15px|||||&#8220; global_colors_info=&#8220;%91%93&#8243;][et_pb_column type=&#8220;4_4&#8243; _builder_version=&#8220;4.24.2&#8243; _module_preset=&#8220;default&#8220; global_colors_info=&#8220;{}&#8220;][et_pb_text _builder_version=&#8220;4.24.2&#8243; _dynamic_attributes=&#8220;content&#8220; _module_preset=&#8220;default&#8220; text_font=&#8220;Rubik|300|||||||&#8220; text_text_color=&#8220;#FFFFFF&#8220; global_colors_info=&#8220;{}&#8220;]@ET-DC@eyJkeW5hbWljIjp0cnVlLCJjb250ZW50IjoiY3VycmVudF9kYXRlIiwic2V0dGluZ3MiOnsiYmVmb3JlIjoiQ29weXJpZ2h0IFx1MDBhOSBBVVBFUkRJIEdtYkggIiwiYWZ0ZXIiOiIiLCJkYXRlX2Zvcm1hdCI6ImN1c3RvbSIsImN1c3RvbV9kYXRlX2Zvcm1hdCI6IlkifX0=@[\/et_pb_text][et_pb_text _builder_version=&#8220;4.24.2&#8243; _module_preset=&#8220;default&#8220; text_font=&#8220;Rubik|300|||||||&#8220; text_text_color=&#8220;#FFFFFF&#8220; text_orientation=&#8220;right&#8220; global_colors_info=&#8220;{}&#8220;]<\/p>\n<p style=\"text-align: left;\">Connect with us:<\/p>\n<p>[\/et_pb_text][et_pb_social_media_follow _builder_version=&#8220;4.23.4&#8243; _module_preset=&#8220;default&#8220; global_colors_info=&#8220;{}&#8220;][et_pb_social_media_follow_network social_network=&#8220;instagram&#8220; url=&#8220;https:\/\/www.instagram.com\/auperdi_gmbh\/&#8220; _builder_version=&#8220;4.23.4&#8243; _module_preset=&#8220;default&#8220; background_color=&#8220;#ea2c59&#8243; global_colors_info=&#8220;{}&#8220; follow_button=&#8220;off&#8220; url_new_window=&#8220;on&#8220;]instagram[\/et_pb_social_media_follow_network][et_pb_social_media_follow_network social_network=&#8220;google&#8220; url=&#8220;https:\/\/www.google.com\/search?q=Auperdi+GmbH&#038;stick=H4sIAAAAAAAA_-NgU1I1qDAxTzQwtkhLtjQ3MjM3SDK1MqgwM7IwNEtJTrI0MzZLNDEwX8TK41hakFqUkqngnpvkAQCYs8FJOAAAAA&#038;hl=de&#038;mat=CYaGEwOa8mpHElEB7PxHsQbns8XzTLl5k3-qKRywgZzTmxZkimyjYMnNwgZJjmsbVgJ6r4Y3x6LTng5fxQ7CGeJBuQOs4zRig3ebyIGGzIVr7cpHAt5qCTHMHIA&#038;authuser=3&#8243; _builder_version=&#8220;4.23.4&#8243; _module_preset=&#8220;default&#8220; background_color=&#8220;#4285f4&#8243; global_colors_info=&#8220;{}&#8220; follow_button=&#8220;off&#8220; url_new_window=&#8220;on&#8220;]google[\/et_pb_social_media_follow_network][\/et_pb_social_media_follow][\/et_pb_column][\/et_pb_row][\/et_pb_section]<\/p>\n","protected":false},"excerpt":{"rendered":"<p>familiengef\u00fchrt und erfahren &#8211; AUPERDI, Ihr PersonaldienstleisterBewerbungsformular<div class=\"et_pb_module dvppl_cf7_styler dvppl_cf7_styler_0\">\n\t\t\t\t\n\t\t\t\t\n\t\t\t\t\n\t\t\t\t\n\t\t\t\t\n\t\t\t\t\n\t\t\t\t<div class=\"et_pb_module_inner\">\n\t\t\t\t\t<div class=\"dipe-cf7-container dipe-cf7-button-left\">\n\t\t\t\t\n\t\t\t\t<div class=\"dipe-cf7 dipe-cf7-styler \">\n\t\t\t\t\t\n<div class=\"wpcf7 no-js\" id=\"wpcf7-f62-o1\" lang=\"de-DE\" dir=\"ltr\" data-wpcf7-id=\"62\">\n<div class=\"screen-reader-response\"><p role=\"status\" aria-live=\"polite\" aria-atomic=\"true\"><\/p> <ul><\/ul><\/div>\n<form action=\"\/index.php?rest_route=%2Fwp%2Fv2%2Fpages%2F21#wpcf7-f62-o1\" method=\"post\" class=\"wpcf7-form init\" aria-label=\"Kontaktformular\" enctype=\"multipart\/form-data\" novalidate=\"novalidate\" data-status=\"init\">\n<fieldset class=\"hidden-fields-container\"><input type=\"hidden\" name=\"_wpcf7\" value=\"62\" \/><input type=\"hidden\" name=\"_wpcf7_version\" value=\"6.1.4\" \/><input type=\"hidden\" name=\"_wpcf7_locale\" value=\"de_DE\" \/><input type=\"hidden\" name=\"_wpcf7_unit_tag\" value=\"wpcf7-f62-o1\" \/><input type=\"hidden\" name=\"_wpcf7_container_post\" value=\"0\" \/><input type=\"hidden\" name=\"_wpcf7_posted_data_hash\" value=\"\" \/><input type=\"hidden\" name=\"_wpcf7_recaptcha_response\" value=\"\" \/>\n<\/fieldset>\n<label> Vorname\n    <span class=\"wpcf7-form-control-wrap\" data-name=\"vorname\"><input size=\"40\" maxlength=\"400\" class=\"wpcf7-form-control wpcf7-text wpcf7-validates-as-required\" autocomplete=\"vorname\" aria-required=\"true\" aria-invalid=\"false\" value=\"\" type=\"text\" name=\"vorname\" \/><\/span> <\/label>\n\n<label> Nachname\n    <span class=\"wpcf7-form-control-wrap\" data-name=\"nachname\"><input size=\"40\" maxlength=\"400\" class=\"wpcf7-form-control wpcf7-text wpcf7-validates-as-required\" autocomplete=\"nachname\" aria-required=\"true\" aria-invalid=\"false\" value=\"\" type=\"text\" name=\"nachname\" \/><\/span> <\/label>\n\n<label> Telefonnummer\n    <span class=\"wpcf7-form-control-wrap\" data-name=\"Telefonnummer\"><input size=\"40\" maxlength=\"400\" class=\"wpcf7-form-control wpcf7-tel wpcf7-validates-as-required wpcf7-text wpcf7-validates-as-tel\" aria-required=\"true\" aria-invalid=\"false\" value=\"\" type=\"tel\" name=\"Telefonnummer\" \/><\/span> <\/label>\n\n<label> E-Mail-Adresse\n    <span class=\"wpcf7-form-control-wrap\" data-name=\"email\"><input size=\"40\" maxlength=\"400\" class=\"wpcf7-form-control wpcf7-email wpcf7-validates-as-required wpcf7-text wpcf7-validates-as-email\" autocomplete=\"email\" aria-required=\"true\" aria-invalid=\"false\" value=\"\" type=\"email\" name=\"email\" \/><\/span> <\/label>\n\n<label> Wohnort\n    <span class=\"wpcf7-form-control-wrap\" data-name=\"wohnort\"><input size=\"40\" maxlength=\"400\" class=\"wpcf7-form-control wpcf7-text wpcf7-validates-as-required\" autocomplete=\"wohnort\" aria-required=\"true\" aria-invalid=\"false\" value=\"\" type=\"text\" name=\"wohnort\" \/><\/span> <\/label>\n\n<label> Gehaltsvorstellung\n    <span class=\"wpcf7-form-control-wrap\" data-name=\"gehaltsvorstellung\"><input size=\"40\" maxlength=\"400\" class=\"wpcf7-form-control wpcf7-text\" aria-invalid=\"false\" value=\"\" type=\"text\" name=\"gehaltsvorstellung\" \/><\/span> <\/label>\n\n<label> Job\n    <span class=\"wpcf7-form-control-wrap\" data-name=\"Job\"><select class=\"wpcf7-form-control wpcf7-select\" aria-invalid=\"false\" name=\"Job\"><option value=\"Initiativ\">Initiativ<\/option><\/select><\/span> <\/label>\n\n<label> Nachricht (optional)\n    <span class=\"wpcf7-form-control-wrap\" data-name=\"your-message\"><textarea cols=\"40\" rows=\"10\" maxlength=\"2000\" class=\"wpcf7-form-control wpcf7-textarea\" aria-invalid=\"false\" name=\"your-message\"><\/textarea><\/span> <\/label>\n\n<span class=\"wpcf7-form-control-wrap\" data-name=\"datenschutzerklaerung\"><span class=\"wpcf7-form-control wpcf7-acceptance\"><span class=\"wpcf7-list-item\"><label><input type=\"checkbox\" name=\"datenschutzerklaerung\" value=\"1\" aria-invalid=\"false\" \/><span class=\"wpcf7-list-item-label\">Mit der Nutzung dieses Formulars erkl\u00e4ren Sie sich mit der Speicherung und Verarbeitung Ihrer Daten durch diese Website einverstanden.<\/span><\/label><\/span><\/span><\/span>\n\n<label> Lebenslauf\n    <span class=\"wpcf7-form-control-wrap\" data-name=\"lebenslauf\"><input size=\"40\" class=\"wpcf7-form-control wpcf7-file wpcf7-validates-as-required\" accept=\".pdf\" aria-required=\"true\" aria-invalid=\"false\" type=\"file\" name=\"lebenslauf\" \/><\/span> <\/label>\n\n<label> Anschreiben (optional)\n    <span class=\"wpcf7-form-control-wrap\" data-name=\"anschreiben\"><input size=\"40\" class=\"wpcf7-form-control wpcf7-file\" accept=\".pdf\" aria-invalid=\"false\" type=\"file\" name=\"anschreiben\" \/><\/span> <\/label>\n\n<label> recaptcha\n<span class=\"wpcf7-form-control-wrap recaptcha\" data-name=\"recaptcha\"><span data-sitekey=\"6LcPpk0pAAAAALgGgL2d2p-TyIq1OVsHQDHSpjB1\" class=\"wpcf7-form-control wpcf7-recaptcha g-recaptcha\"><\/span>\r\n<noscript>\r\n\t<div class=\"grecaptcha-noscript\">\r\n\t\t<iframe loading=\"lazy\" src=\"https:\/\/www.google.com\/recaptcha\/api\/fallback?k=6LcPpk0pAAAAALgGgL2d2p-TyIq1OVsHQDHSpjB1\" frameborder=\"0\" scrolling=\"no\" width=\"310\" height=\"430\">\r\n\t\t<\/iframe>\r\n\t\t<textarea name=\"g-recaptcha-response\" rows=\"3\" cols=\"40\" placeholder=\"reCaptcha Response Here\">\r\n\t\t<\/textarea>\r\n\t<\/div>\r\n<\/noscript>\r\n<\/span>\n<label>\n\n<input class=\"wpcf7-form-control wpcf7-submit has-spinner\" type=\"submit\" value=\"Senden\" \/><div class=\"wpcf7-response-output\" aria-hidden=\"true\"><\/div>\n<\/form>\n<\/div>\n\n\t\t\t\t<\/div>\n\t\t\t<\/div>\n\t\t\t\t<\/div>\n\t\t\t<\/div>Kontakt+49 961\/47054-0info@auperdi.deAdresseBahnhofstra\u00dfe 1992637 WeidenDeutschlandAnfahrtGoogle MapsRechtlichesImpressumDatenschutzConnect with us:<\/p>\n","protected":false},"author":1,"featured_media":0,"parent":0,"menu_order":0,"comment_status":"closed","ping_status":"closed","template":"","meta":{"_et_pb_use_builder":"on","_et_pb_old_content":"<!-- wp:divi\/placeholder \/-->","_et_gb_content_width":"","footnotes":""},"class_list":["post-21","page","type-page","status-publish","hentry"],"yoast_head":"<!-- This site is optimized with the Yoast SEO plugin v25.3.1 - https:\/\/yoast.com\/wordpress\/plugins\/seo\/ -->\n<title>Bewerbung - Auperdi GmbH<\/title>\n<meta name=\"description\" content=\"Familiengef\u00fchrter Personaldienstleister in Weiden mit \u00fcber 20\u202fJahren Erfahrung. Arbeitnehmer\u00fcberlassung &amp; Personalvermittlung in Weiden, Schwandorf, Amberg, Tirschenreuth, Wunsiedel &amp; Marktredwitz. Pers\u00f6nlich, flexibel &amp; regional vernetzt. Wir finden Ihren n\u00e4chsten Job!\" \/>\n<meta name=\"robots\" content=\"index, follow, max-snippet:-1, max-image-preview:large, max-video-preview:-1\" \/>\n<link rel=\"canonical\" href=\"https:\/\/auperdi.de\/?page_id=21\" \/>\n<meta property=\"og:locale\" content=\"de_DE\" \/>\n<meta property=\"og:type\" content=\"article\" \/>\n<meta property=\"og:title\" content=\"Bewerbung - Auperdi GmbH\" \/>\n<meta property=\"og:description\" content=\"Familiengef\u00fchrter Personaldienstleister in Weiden mit \u00fcber 20\u202fJahren Erfahrung. Arbeitnehmer\u00fcberlassung &amp; Personalvermittlung in Weiden, Schwandorf, Amberg, Tirschenreuth, Wunsiedel &amp; Marktredwitz. Pers\u00f6nlich, flexibel &amp; regional vernetzt. Wir finden Ihren n\u00e4chsten Job!\" \/>\n<meta property=\"og:url\" content=\"https:\/\/auperdi.de\/?page_id=21\" \/>\n<meta property=\"og:site_name\" content=\"Auperdi GmbH\" \/>\n<meta property=\"article:modified_time\" content=\"2026-02-26T15:12:30+00:00\" \/>\n<meta name=\"twitter:card\" content=\"summary_large_image\" \/>\n<meta name=\"twitter:label1\" content=\"Gesch\u00e4tzte Lesezeit\" \/>\n\t<meta name=\"twitter:data1\" content=\"6\u00a0Minuten\" \/>\n<script type=\"application\/ld+json\" class=\"yoast-schema-graph\">{\"@context\":\"https:\/\/schema.org\",\"@graph\":[{\"@type\":\"WebPage\",\"@id\":\"https:\/\/auperdi.de\/?page_id=21\",\"url\":\"https:\/\/auperdi.de\/?page_id=21\",\"name\":\"Bewerbung - Auperdi GmbH\",\"isPartOf\":{\"@id\":\"https:\/\/auperdi.de\/#website\"},\"datePublished\":\"2024-01-11T18:16:43+00:00\",\"dateModified\":\"2026-02-26T15:12:30+00:00\",\"description\":\"Familiengef\u00fchrter Personaldienstleister in Weiden mit \u00fcber 20\u202fJahren Erfahrung. Arbeitnehmer\u00fcberlassung & Personalvermittlung in Weiden, Schwandorf, Amberg, Tirschenreuth, Wunsiedel & Marktredwitz. Pers\u00f6nlich, flexibel & regional vernetzt. Wir finden Ihren n\u00e4chsten Job!\",\"breadcrumb\":{\"@id\":\"https:\/\/auperdi.de\/?page_id=21#breadcrumb\"},\"inLanguage\":\"de\",\"potentialAction\":[{\"@type\":\"ReadAction\",\"target\":[\"https:\/\/auperdi.de\/?page_id=21\"]}]},{\"@type\":\"BreadcrumbList\",\"@id\":\"https:\/\/auperdi.de\/?page_id=21#breadcrumb\",\"itemListElement\":[{\"@type\":\"ListItem\",\"position\":1,\"name\":\"Startseite\",\"item\":\"https:\/\/auperdi.de\/\"},{\"@type\":\"ListItem\",\"position\":2,\"name\":\"Bewerbung\"}]},{\"@type\":\"WebSite\",\"@id\":\"https:\/\/auperdi.de\/#website\",\"url\":\"https:\/\/auperdi.de\/\",\"name\":\"Auperdi GmbH\",\"description\":\"Personaldienstleister\",\"publisher\":{\"@id\":\"https:\/\/auperdi.de\/#organization\"},\"potentialAction\":[{\"@type\":\"SearchAction\",\"target\":{\"@type\":\"EntryPoint\",\"urlTemplate\":\"https:\/\/auperdi.de\/?s={search_term_string}\"},\"query-input\":{\"@type\":\"PropertyValueSpecification\",\"valueRequired\":true,\"valueName\":\"search_term_string\"}}],\"inLanguage\":\"de\"},{\"@type\":\"Organization\",\"@id\":\"https:\/\/auperdi.de\/#organization\",\"name\":\"Auperdi GmbH\",\"url\":\"https:\/\/auperdi.de\/\",\"logo\":{\"@type\":\"ImageObject\",\"inLanguage\":\"de\",\"@id\":\"https:\/\/auperdi.de\/#\/schema\/logo\/image\/\",\"url\":\"https:\/\/auperdi.de\/wp-content\/uploads\/2024\/01\/Auperdi-Logo-gross.png\",\"contentUrl\":\"https:\/\/auperdi.de\/wp-content\/uploads\/2024\/01\/Auperdi-Logo-gross.png\",\"width\":1087,\"height\":655,\"caption\":\"Auperdi GmbH\"},\"image\":{\"@id\":\"https:\/\/auperdi.de\/#\/schema\/logo\/image\/\"},\"sameAs\":[\"https:\/\/www.instagram.com\/auperdi_gmbh\/\",\"https:\/\/de.linkedin.com\/company\/auperdi?trk=public_profile_experience-item_profile-section-card_image-click\"]}]}<\/script>\n<!-- \/ Yoast SEO plugin. -->","yoast_head_json":{"title":"Bewerbung - Auperdi GmbH","description":"Familiengef\u00fchrter Personaldienstleister in Weiden mit \u00fcber 20\u202fJahren Erfahrung. Arbeitnehmer\u00fcberlassung & Personalvermittlung in Weiden, Schwandorf, Amberg, Tirschenreuth, Wunsiedel & Marktredwitz. Pers\u00f6nlich, flexibel & regional vernetzt. Wir finden Ihren n\u00e4chsten Job!","robots":{"index":"index","follow":"follow","max-snippet":"max-snippet:-1","max-image-preview":"max-image-preview:large","max-video-preview":"max-video-preview:-1"},"canonical":"https:\/\/auperdi.de\/?page_id=21","og_locale":"de_DE","og_type":"article","og_title":"Bewerbung - Auperdi GmbH","og_description":"Familiengef\u00fchrter Personaldienstleister in Weiden mit \u00fcber 20\u202fJahren Erfahrung. Arbeitnehmer\u00fcberlassung & Personalvermittlung in Weiden, Schwandorf, Amberg, Tirschenreuth, Wunsiedel & Marktredwitz. Pers\u00f6nlich, flexibel & regional vernetzt. Wir finden Ihren n\u00e4chsten Job!","og_url":"https:\/\/auperdi.de\/?page_id=21","og_site_name":"Auperdi GmbH","article_modified_time":"2026-02-26T15:12:30+00:00","twitter_card":"summary_large_image","twitter_misc":{"Gesch\u00e4tzte Lesezeit":"6\u00a0Minuten"},"schema":{"@context":"https:\/\/schema.org","@graph":[{"@type":"WebPage","@id":"https:\/\/auperdi.de\/?page_id=21","url":"https:\/\/auperdi.de\/?page_id=21","name":"Bewerbung - Auperdi GmbH","isPartOf":{"@id":"https:\/\/auperdi.de\/#website"},"datePublished":"2024-01-11T18:16:43+00:00","dateModified":"2026-02-26T15:12:30+00:00","description":"Familiengef\u00fchrter Personaldienstleister in Weiden mit \u00fcber 20\u202fJahren Erfahrung. Arbeitnehmer\u00fcberlassung & Personalvermittlung in Weiden, Schwandorf, Amberg, Tirschenreuth, Wunsiedel & Marktredwitz. Pers\u00f6nlich, flexibel & regional vernetzt. Wir finden Ihren n\u00e4chsten Job!","breadcrumb":{"@id":"https:\/\/auperdi.de\/?page_id=21#breadcrumb"},"inLanguage":"de","potentialAction":[{"@type":"ReadAction","target":["https:\/\/auperdi.de\/?page_id=21"]}]},{"@type":"BreadcrumbList","@id":"https:\/\/auperdi.de\/?page_id=21#breadcrumb","itemListElement":[{"@type":"ListItem","position":1,"name":"Startseite","item":"https:\/\/auperdi.de\/"},{"@type":"ListItem","position":2,"name":"Bewerbung"}]},{"@type":"WebSite","@id":"https:\/\/auperdi.de\/#website","url":"https:\/\/auperdi.de\/","name":"Auperdi GmbH","description":"Personaldienstleister","publisher":{"@id":"https:\/\/auperdi.de\/#organization"},"potentialAction":[{"@type":"SearchAction","target":{"@type":"EntryPoint","urlTemplate":"https:\/\/auperdi.de\/?s={search_term_string}"},"query-input":{"@type":"PropertyValueSpecification","valueRequired":true,"valueName":"search_term_string"}}],"inLanguage":"de"},{"@type":"Organization","@id":"https:\/\/auperdi.de\/#organization","name":"Auperdi GmbH","url":"https:\/\/auperdi.de\/","logo":{"@type":"ImageObject","inLanguage":"de","@id":"https:\/\/auperdi.de\/#\/schema\/logo\/image\/","url":"https:\/\/auperdi.de\/wp-content\/uploads\/2024\/01\/Auperdi-Logo-gross.png","contentUrl":"https:\/\/auperdi.de\/wp-content\/uploads\/2024\/01\/Auperdi-Logo-gross.png","width":1087,"height":655,"caption":"Auperdi GmbH"},"image":{"@id":"https:\/\/auperdi.de\/#\/schema\/logo\/image\/"},"sameAs":["https:\/\/www.instagram.com\/auperdi_gmbh\/","https:\/\/de.linkedin.com\/company\/auperdi?trk=public_profile_experience-item_profile-section-card_image-click"]}]}},"_links":{"self":[{"href":"https:\/\/auperdi.de\/index.php?rest_route=\/wp\/v2\/pages\/21","targetHints":{"allow":["GET"]}}],"collection":[{"href":"https:\/\/auperdi.de\/index.php?rest_route=\/wp\/v2\/pages"}],"about":[{"href":"https:\/\/auperdi.de\/index.php?rest_route=\/wp\/v2\/types\/page"}],"author":[{"embeddable":true,"href":"https:\/\/auperdi.de\/index.php?rest_route=\/wp\/v2\/users\/1"}],"replies":[{"embeddable":true,"href":"https:\/\/auperdi.de\/index.php?rest_route=%2Fwp%2Fv2%2Fcomments&post=21"}],"version-history":[{"count":13,"href":"https:\/\/auperdi.de\/index.php?rest_route=\/wp\/v2\/pages\/21\/revisions"}],"predecessor-version":[{"id":627,"href":"https:\/\/auperdi.de\/index.php?rest_route=\/wp\/v2\/pages\/21\/revisions\/627"}],"wp:attachment":[{"href":"https:\/\/auperdi.de\/index.php?rest_route=%2Fwp%2Fv2%2Fmedia&parent=21"}],"curies":[{"name":"wp","href":"https:\/\/api.w.org\/{rel}","templated":true}]}}