{"id":159,"date":"2024-01-12T13:44:38","date_gmt":"2024-01-12T13:44:38","guid":{"rendered":"https:\/\/new.auperdi.de\/?page_id=159"},"modified":"2025-08-14T09:26:13","modified_gmt":"2025-08-14T09:26:13","slug":"dienstleistungen","status":"publish","type":"page","link":"https:\/\/auperdi.de\/?page_id=159","title":{"rendered":"Dienstleistungen"},"content":{"rendered":"<p>[et_pb_section fb_built=&#8220;1&#8243; _builder_version=&#8220;4.23.1&#8243; _module_preset=&#8220;default&#8220; global_colors_info=&#8220;{}&#8220;][et_pb_row _builder_version=&#8220;4.23.1&#8243; _module_preset=&#8220;_initial&#8220; global_colors_info=&#8220;{}&#8220;][et_pb_column type=&#8220;4_4&#8243; _builder_version=&#8220;4.23.1&#8243; _module_preset=&#8220;default&#8220; global_colors_info=&#8220;{}&#8220;][et_pb_text _builder_version=&#8220;4.24.2&#8243; _module_preset=&#8220;default&#8220; text_font=&#8220;Raleway|700||on|||||&#8220; text_text_color=&#8220;#000DFF&#8220; text_letter_spacing=&#8220;4px&#8220; text_orientation=&#8220;center&#8220; global_colors_info=&#8220;{}&#8220;]<\/p>\n<p>Wir sind f\u00fcr Sie da, jederzeit und \u00fcberall<\/p>\n<p>[\/et_pb_text][\/et_pb_column][\/et_pb_row][et_pb_row column_structure=&#8220;1_2,1_2&#8243; use_custom_gutter=&#8220;on&#8220; gutter_width=&#8220;2&#8243; make_equal=&#8220;on&#8220; admin_label=&#8220;Dienstleistungen&#8220; _builder_version=&#8220;4.23.4&#8243; _module_preset=&#8220;_initial&#8220; width_tablet=&#8220;950px&#8220; width_phone=&#8220;90%&#8220; width_last_edited=&#8220;on|phone&#8220; custom_padding=&#8220;10px|25px|10px|25px|true|true&#8220; global_colors_info=&#8220;{%22gcid-dc73a9c8-a500-4c1e-bc5b-07aaaaacd1d7%22:%91%22button_bg_color%22%93,%22gcid-94dccc19-2f26-4518-9f14-b0c9ca53f8ee%22:%91%22button_bg_color__hover%22%93}&#8220; button_bg_color__hover=&#8220;#8f4d0a&#8220; button_bg_color__hover_enabled=&#8220;on|hover&#8220;][et_pb_column type=&#8220;1_2&#8243; _builder_version=&#8220;4.23.1&#8243; _module_preset=&#8220;default&#8220; custom_padding=&#8220;25px|25px|25px|25px|true|true&#8220; box_shadow_style=&#8220;preset1&#8243; box_shadow_spread=&#8220;-4px&#8220; box_shadow_color=&#8220;rgba(0,0,0,0.2)&#8220; global_colors_info=&#8220;{}&#8220;][et_pb_text _builder_version=&#8220;4.24.2&#8243; _module_preset=&#8220;default&#8220; global_colors_info=&#8220;{}&#8220;]<\/p>\n<h2 style=\"text-align: center;\">Arbeitnehmer\u00fcberlassung<\/h2>\n<p>[\/et_pb_text][et_pb_image src=&#8220;http:\/\/auperdi.de\/wp-content\/uploads\/2024\/01\/syd-mills-sPl7FgBalxI-unsplash-scaled.jpg&#8220; title_text=&#8220;syd-mills-sPl7FgBalxI-unsplash&#8220; align=&#8220;center&#8220; _builder_version=&#8220;4.23.4&#8243; _module_preset=&#8220;default&#8220; box_shadow_style=&#8220;preset3&#8243; global_colors_info=&#8220;{}&#8220;][\/et_pb_image][et_pb_blurb _builder_version=&#8220;4.24.2&#8243; _module_preset=&#8220;default&#8220; header_font=&#8220;Raleway|700|||||||&#8220; body_font=&#8220;Raleway||||||||&#8220; text_orientation=&#8220;center&#8220; global_colors_info=&#8220;{}&#8220;]<\/p>\n<p>Unsere Arbeitnehmer\u00fcberlassung, auch bekannt als Zeitarbeitsfirma, ist seit vielen Jahren eine angesehene Anlaufstelle f\u00fcr Arbeitnehmer und Arbeitgeber in den Regionen Weiden, Schwandorf, Amberg, Tirschenreuth, Neustadt\/WN, Wunsiedel und Marktredwitz, mit unserem Firmensitz in Weiden.<\/p>\n<p>Suchen Sie nach einer neuen beruflichen Herausforderung? Kommen Sie zu uns oder nehmen Sie Kontakt auf! Unser erfahrenes und professionelles Team setzt alles daran, Ihnen schnellstm\u00f6glich einen passenden Arbeitsplatz zu vermitteln. Unsere Mitarbeiter, vielleicht bald auch Sie, sind unser wertvollstes Kapital. Daher ist es uns ein gro\u00dfes Anliegen, Sie pers\u00f6nlich zu beraten und auf Ihr individuelles Profil sowie Ihre beruflichen W\u00fcnsche einzugehen.<\/p>\n<p>Suchen Sie einen qualifizierten Arbeitnehmer? Kontaktieren Sie uns, und wir finden aus unserem festen Mitarbeiterstamm den idealen Kandidaten, der Ihren Anforderungen entspricht. Selbstverst\u00e4ndlich stehen unsere Personaldisponenten auch w\u00e4hrend des Zeitarbeitseinsatzes jederzeit zu Ihrer Verf\u00fcgung und bieten vor Ort kompetente Beratung und Unterst\u00fctzung.<\/p>\n<p>Ein zentrales Anliegen unseres kleinen, aber \u00e4u\u00dferst flexiblen und effektiven Unternehmens ist es, die Chancen und Vorteile der Zeitarbeit f\u00fcr Arbeitnehmer und Arbeitgeber herauszustellen und weiterzugeben.<\/p>\n<p>[\/et_pb_blurb][et_pb_button button_url=&#8220;@ET-DC@eyJkeW5hbWljIjp0cnVlLCJjb250ZW50IjoicG9zdF9saW5rX3VybF9wYWdlIiwic2V0dGluZ3MiOnsicG9zdF9pZCI6IjMzIn19@&#8220; button_text=&#8220;Anfragen&#8220; button_alignment=&#8220;center&#8220; _builder_version=&#8220;4.24.2&#8243; _dynamic_attributes=&#8220;button_url&#8220; _module_preset=&#8220;default&#8220; custom_button=&#8220;on&#8220; button_text_size=&#8220;15px&#8220; button_text_color=&#8220;#FFFFFF&#8220; button_bg_color=&#8220;#29CB8B&#8220; button_border_width=&#8220;0px&#8220; button_border_radius=&#8220;5px&#8220; button_font=&#8220;Raleway|700|||||||&#8220; button_icon=&#8220;&#x35;||divi||400&#8243; custom_padding=&#8220;10px|25px|10px|25px|true|true&#8220; global_colors_info=&#8220;{%22gcid-94dccc19-2f26-4518-9f14-b0c9ca53f8ee%22:%91%22button_bg_color__hover%22%93}&#8220; button_bg_color__hover=&#8220;#8f4d0a&#8220; button_bg_color__hover_enabled=&#8220;on|hover&#8220;][\/et_pb_button][\/et_pb_column][et_pb_column type=&#8220;1_2&#8243; _builder_version=&#8220;4.23.1&#8243; _module_preset=&#8220;default&#8220; custom_padding=&#8220;25px|25px|25px|25px|true|true&#8220; box_shadow_style=&#8220;preset1&#8243; box_shadow_spread=&#8220;-4px&#8220; box_shadow_color=&#8220;rgba(0,0,0,0.2)&#8220; global_colors_info=&#8220;{}&#8220;][et_pb_text _builder_version=&#8220;4.24.2&#8243; _module_preset=&#8220;default&#8220; global_colors_info=&#8220;{}&#8220;]<\/p>\n<h2 style=\"text-align: center;\">Private Arbeitsvermittlung<\/h2>\n<p>[\/et_pb_text][et_pb_image src=&#8220;http:\/\/auperdi.de\/wp-content\/uploads\/2024\/01\/amy-hirschi-K0c8ko3e6AA-unsplash-scaled.jpg&#8220; title_text=&#8220;amy-hirschi-K0c8ko3e6AA-unsplash&#8220; align=&#8220;center&#8220; _builder_version=&#8220;4.23.4&#8243; _module_preset=&#8220;default&#8220; box_shadow_style=&#8220;preset3&#8243; global_colors_info=&#8220;{}&#8220;][\/et_pb_image][et_pb_blurb _builder_version=&#8220;4.23.4&#8243; _module_preset=&#8220;default&#8220; header_font=&#8220;Raleway|700|||||||&#8220; body_font=&#8220;Raleway||||||||&#8220; text_orientation=&#8220;center&#8220; global_colors_info=&#8220;{%22gcid-dc73a9c8-a500-4c1e-bc5b-07aaaaacd1d7%22:%91%22button_bg_color%22%93,%22gcid-94dccc19-2f26-4518-9f14-b0c9ca53f8ee%22:%91%22button_bg_color__hover%22%93}&#8220; button_bg_color__hover=&#8220;#8f4d0a&#8220; button_bg_color__hover_enabled=&#8220;on|hover&#8220;]<\/p>\n<p class=\"bodytext\">Die AUPERDI bietet neben der Zeitarbeit auch die Dienste einer Privaten Arbeitsvermittlung an. Das Ziel dieser Dienstleistung ist die Beratung und direkte Vermittlung des Arbeitssuchenden in den allgemeinen Arbeitsmarkt.<\/p>\n<p>Was k\u00f6nnen Sie erwarten? Zun\u00e4chst f\u00fchren wir ein Beratungsgespr\u00e4ch, in dem wir ein Bewerberprofil erstellen, um so individuell auf die W\u00fcnsche und F\u00e4higkeiten eingehen zu k\u00f6nnen. Danach suchen wir \u00fcber allgemeine Stellenausschreibungen aber vor allem auch \u00fcber unsere Kontakte geeignete und erfolgsversprechende Anstellungsm\u00f6glichkeiten. Als Spezialisten auf dem breiten Gebiet der Bewerbungen helfen wir nat\u00fcrlich auch bei der Zusammenstellung der Bewerbungsunterlagen und bei den Vorbereitungen auf das Bewerbungsgespr\u00e4ch professionell weiter.<\/p>\n<p class=\"bodytext\">Haben wir Ihr Interesse geweckt? Nehmen Sie gleich Kontakt mit uns auf und wir geben Ihnen weitere Informationen \u00fcber die M\u00f6glichkeiten und Chancen, die sich Ihnen mit uns er\u00f6ffnen werden.<\/p>\n<p>[\/et_pb_blurb][et_pb_button button_url=&#8220;@ET-DC@eyJkeW5hbWljIjp0cnVlLCJjb250ZW50IjoicG9zdF9saW5rX3VybF9wYWdlIiwic2V0dGluZ3MiOnsicG9zdF9pZCI6IjI3In19@&#8220; button_text=&#8220;Anfragen&#8220; button_alignment=&#8220;center&#8220; _builder_version=&#8220;4.24.2&#8243; _dynamic_attributes=&#8220;button_url&#8220; _module_preset=&#8220;default&#8220; custom_button=&#8220;on&#8220; button_text_size=&#8220;15px&#8220; button_text_color=&#8220;#FFFFFF&#8220; button_bg_color=&#8220;#29CB8B&#8220; button_border_width=&#8220;0px&#8220; button_border_radius=&#8220;5px&#8220; button_font=&#8220;Raleway|700|||||||&#8220; button_icon=&#8220;&#x35;||divi||400&#8243; custom_padding=&#8220;10px|25px|10px|25px|true|true&#8220; global_colors_info=&#8220;{%22gcid-94dccc19-2f26-4518-9f14-b0c9ca53f8ee%22:%91%22button_bg_color__hover%22,%22button_bg_color__hover%22%93}&#8220; button_bg_color__hover=&#8220;#8f4d0a&#8220; button_bg_color__hover_enabled=&#8220;on|hover&#8220;][\/et_pb_button][\/et_pb_column][\/et_pb_row][\/et_pb_section]<\/p>\n","protected":false},"excerpt":{"rendered":"<p>Wir sind f\u00fcr Sie da, jederzeit und \u00fcberallArbeitnehmer\u00fcberlassungUnsere Arbeitnehmer\u00fcberlassung, auch bekannt als Zeitarbeitsfirma, ist seit vielen Jahren eine angesehene Anlaufstelle f\u00fcr Arbeitnehmer und Arbeitgeber in den Regionen Weiden, Schwandorf, Amberg, Tirschenreuth, Neustadt\/WN, Wunsiedel und Marktredwitz, mit unserem Firmensitz in Weiden. Suchen Sie nach einer neuen beruflichen Herausforderung? Kommen Sie zu uns oder nehmen Sie Kontakt [&hellip;]<\/p>\n","protected":false},"author":1,"featured_media":0,"parent":0,"menu_order":0,"comment_status":"closed","ping_status":"closed","template":"","meta":{"_et_pb_use_builder":"on","_et_pb_old_content":"","_et_gb_content_width":"","footnotes":""},"class_list":["post-159","page","type-page","status-publish","hentry"],"yoast_head":"<!-- This site is optimized with the Yoast SEO plugin v25.3.1 - https:\/\/yoast.com\/wordpress\/plugins\/seo\/ -->\n<title>Dienstleistungen - Auperdi GmbH<\/title>\n<meta name=\"description\" content=\"Familiengef\u00fchrter Personaldienstleister in Weiden mit \u00fcber 20\u202fJahren Erfahrung. Arbeitnehmer\u00fcberlassung &amp; Personalvermittlung in Weiden, Schwandorf, Amberg, Tirschenreuth, Wunsiedel &amp; Marktredwitz. Pers\u00f6nlich, flexibel &amp; regional vernetzt. Wir finden Ihren n\u00e4chsten Job!\" \/>\n<meta name=\"robots\" content=\"index, follow, max-snippet:-1, max-image-preview:large, max-video-preview:-1\" \/>\n<link rel=\"canonical\" href=\"https:\/\/auperdi.de\/?page_id=159\" \/>\n<meta property=\"og:locale\" content=\"de_DE\" \/>\n<meta property=\"og:type\" content=\"article\" \/>\n<meta property=\"og:title\" content=\"Dienstleistungen - Auperdi GmbH\" \/>\n<meta property=\"og:description\" content=\"Familiengef\u00fchrter Personaldienstleister in Weiden mit \u00fcber 20\u202fJahren Erfahrung. Arbeitnehmer\u00fcberlassung &amp; Personalvermittlung in Weiden, Schwandorf, Amberg, Tirschenreuth, Wunsiedel &amp; Marktredwitz. Pers\u00f6nlich, flexibel &amp; regional vernetzt. Wir finden Ihren n\u00e4chsten Job!\" \/>\n<meta property=\"og:url\" content=\"https:\/\/auperdi.de\/?page_id=159\" \/>\n<meta property=\"og:site_name\" content=\"Auperdi GmbH\" \/>\n<meta property=\"article:modified_time\" content=\"2025-08-14T09:26:13+00:00\" \/>\n<meta name=\"twitter:card\" content=\"summary_large_image\" \/>\n<meta name=\"twitter:label1\" content=\"Gesch\u00e4tzte Lesezeit\" \/>\n\t<meta name=\"twitter:data1\" content=\"5\u00a0Minuten\" \/>\n<script type=\"application\/ld+json\" class=\"yoast-schema-graph\">{\"@context\":\"https:\/\/schema.org\",\"@graph\":[{\"@type\":\"WebPage\",\"@id\":\"https:\/\/auperdi.de\/?page_id=159\",\"url\":\"https:\/\/auperdi.de\/?page_id=159\",\"name\":\"Dienstleistungen - Auperdi GmbH\",\"isPartOf\":{\"@id\":\"https:\/\/auperdi.de\/#website\"},\"datePublished\":\"2024-01-12T13:44:38+00:00\",\"dateModified\":\"2025-08-14T09:26:13+00:00\",\"description\":\"Familiengef\u00fchrter Personaldienstleister in Weiden mit \u00fcber 20\u202fJahren Erfahrung. Arbeitnehmer\u00fcberlassung & Personalvermittlung in Weiden, Schwandorf, Amberg, Tirschenreuth, Wunsiedel & Marktredwitz. Pers\u00f6nlich, flexibel & regional vernetzt. Wir finden Ihren n\u00e4chsten Job!\",\"breadcrumb\":{\"@id\":\"https:\/\/auperdi.de\/?page_id=159#breadcrumb\"},\"inLanguage\":\"de\",\"potentialAction\":[{\"@type\":\"ReadAction\",\"target\":[\"https:\/\/auperdi.de\/?page_id=159\"]}]},{\"@type\":\"BreadcrumbList\",\"@id\":\"https:\/\/auperdi.de\/?page_id=159#breadcrumb\",\"itemListElement\":[{\"@type\":\"ListItem\",\"position\":1,\"name\":\"Startseite\",\"item\":\"https:\/\/auperdi.de\/\"},{\"@type\":\"ListItem\",\"position\":2,\"name\":\"Dienstleistungen\"}]},{\"@type\":\"WebSite\",\"@id\":\"https:\/\/auperdi.de\/#website\",\"url\":\"https:\/\/auperdi.de\/\",\"name\":\"Auperdi GmbH\",\"description\":\"Personaldienstleister\",\"publisher\":{\"@id\":\"https:\/\/auperdi.de\/#organization\"},\"potentialAction\":[{\"@type\":\"SearchAction\",\"target\":{\"@type\":\"EntryPoint\",\"urlTemplate\":\"https:\/\/auperdi.de\/?s={search_term_string}\"},\"query-input\":{\"@type\":\"PropertyValueSpecification\",\"valueRequired\":true,\"valueName\":\"search_term_string\"}}],\"inLanguage\":\"de\"},{\"@type\":\"Organization\",\"@id\":\"https:\/\/auperdi.de\/#organization\",\"name\":\"Auperdi GmbH\",\"url\":\"https:\/\/auperdi.de\/\",\"logo\":{\"@type\":\"ImageObject\",\"inLanguage\":\"de\",\"@id\":\"https:\/\/auperdi.de\/#\/schema\/logo\/image\/\",\"url\":\"https:\/\/auperdi.de\/wp-content\/uploads\/2024\/01\/Auperdi-Logo-gross.png\",\"contentUrl\":\"https:\/\/auperdi.de\/wp-content\/uploads\/2024\/01\/Auperdi-Logo-gross.png\",\"width\":1087,\"height\":655,\"caption\":\"Auperdi GmbH\"},\"image\":{\"@id\":\"https:\/\/auperdi.de\/#\/schema\/logo\/image\/\"},\"sameAs\":[\"https:\/\/www.instagram.com\/auperdi_gmbh\/\",\"https:\/\/de.linkedin.com\/company\/auperdi?trk=public_profile_experience-item_profile-section-card_image-click\"]}]}<\/script>\n<!-- \/ Yoast SEO plugin. -->","yoast_head_json":{"title":"Dienstleistungen - Auperdi GmbH","description":"Familiengef\u00fchrter Personaldienstleister in Weiden mit \u00fcber 20\u202fJahren Erfahrung. Arbeitnehmer\u00fcberlassung & Personalvermittlung in Weiden, Schwandorf, Amberg, Tirschenreuth, Wunsiedel & Marktredwitz. Pers\u00f6nlich, flexibel & regional vernetzt. Wir finden Ihren n\u00e4chsten Job!","robots":{"index":"index","follow":"follow","max-snippet":"max-snippet:-1","max-image-preview":"max-image-preview:large","max-video-preview":"max-video-preview:-1"},"canonical":"https:\/\/auperdi.de\/?page_id=159","og_locale":"de_DE","og_type":"article","og_title":"Dienstleistungen - Auperdi GmbH","og_description":"Familiengef\u00fchrter Personaldienstleister in Weiden mit \u00fcber 20\u202fJahren Erfahrung. Arbeitnehmer\u00fcberlassung & Personalvermittlung in Weiden, Schwandorf, Amberg, Tirschenreuth, Wunsiedel & Marktredwitz. Pers\u00f6nlich, flexibel & regional vernetzt. Wir finden Ihren n\u00e4chsten Job!","og_url":"https:\/\/auperdi.de\/?page_id=159","og_site_name":"Auperdi GmbH","article_modified_time":"2025-08-14T09:26:13+00:00","twitter_card":"summary_large_image","twitter_misc":{"Gesch\u00e4tzte Lesezeit":"5\u00a0Minuten"},"schema":{"@context":"https:\/\/schema.org","@graph":[{"@type":"WebPage","@id":"https:\/\/auperdi.de\/?page_id=159","url":"https:\/\/auperdi.de\/?page_id=159","name":"Dienstleistungen - Auperdi GmbH","isPartOf":{"@id":"https:\/\/auperdi.de\/#website"},"datePublished":"2024-01-12T13:44:38+00:00","dateModified":"2025-08-14T09:26:13+00:00","description":"Familiengef\u00fchrter Personaldienstleister in Weiden mit \u00fcber 20\u202fJahren Erfahrung. Arbeitnehmer\u00fcberlassung & Personalvermittlung in Weiden, Schwandorf, Amberg, Tirschenreuth, Wunsiedel & Marktredwitz. Pers\u00f6nlich, flexibel & regional vernetzt. Wir finden Ihren n\u00e4chsten Job!","breadcrumb":{"@id":"https:\/\/auperdi.de\/?page_id=159#breadcrumb"},"inLanguage":"de","potentialAction":[{"@type":"ReadAction","target":["https:\/\/auperdi.de\/?page_id=159"]}]},{"@type":"BreadcrumbList","@id":"https:\/\/auperdi.de\/?page_id=159#breadcrumb","itemListElement":[{"@type":"ListItem","position":1,"name":"Startseite","item":"https:\/\/auperdi.de\/"},{"@type":"ListItem","position":2,"name":"Dienstleistungen"}]},{"@type":"WebSite","@id":"https:\/\/auperdi.de\/#website","url":"https:\/\/auperdi.de\/","name":"Auperdi GmbH","description":"Personaldienstleister","publisher":{"@id":"https:\/\/auperdi.de\/#organization"},"potentialAction":[{"@type":"SearchAction","target":{"@type":"EntryPoint","urlTemplate":"https:\/\/auperdi.de\/?s={search_term_string}"},"query-input":{"@type":"PropertyValueSpecification","valueRequired":true,"valueName":"search_term_string"}}],"inLanguage":"de"},{"@type":"Organization","@id":"https:\/\/auperdi.de\/#organization","name":"Auperdi GmbH","url":"https:\/\/auperdi.de\/","logo":{"@type":"ImageObject","inLanguage":"de","@id":"https:\/\/auperdi.de\/#\/schema\/logo\/image\/","url":"https:\/\/auperdi.de\/wp-content\/uploads\/2024\/01\/Auperdi-Logo-gross.png","contentUrl":"https:\/\/auperdi.de\/wp-content\/uploads\/2024\/01\/Auperdi-Logo-gross.png","width":1087,"height":655,"caption":"Auperdi GmbH"},"image":{"@id":"https:\/\/auperdi.de\/#\/schema\/logo\/image\/"},"sameAs":["https:\/\/www.instagram.com\/auperdi_gmbh\/","https:\/\/de.linkedin.com\/company\/auperdi?trk=public_profile_experience-item_profile-section-card_image-click"]}]}},"_links":{"self":[{"href":"https:\/\/auperdi.de\/index.php?rest_route=\/wp\/v2\/pages\/159","targetHints":{"allow":["GET"]}}],"collection":[{"href":"https:\/\/auperdi.de\/index.php?rest_route=\/wp\/v2\/pages"}],"about":[{"href":"https:\/\/auperdi.de\/index.php?rest_route=\/wp\/v2\/types\/page"}],"author":[{"embeddable":true,"href":"https:\/\/auperdi.de\/index.php?rest_route=\/wp\/v2\/users\/1"}],"replies":[{"embeddable":true,"href":"https:\/\/auperdi.de\/index.php?rest_route=%2Fwp%2Fv2%2Fcomments&post=159"}],"version-history":[{"count":15,"href":"https:\/\/auperdi.de\/index.php?rest_route=\/wp\/v2\/pages\/159\/revisions"}],"predecessor-version":[{"id":603,"href":"https:\/\/auperdi.de\/index.php?rest_route=\/wp\/v2\/pages\/159\/revisions\/603"}],"wp:attachment":[{"href":"https:\/\/auperdi.de\/index.php?rest_route=%2Fwp%2Fv2%2Fmedia&parent=159"}],"curies":[{"name":"wp","href":"https:\/\/api.w.org\/{rel}","templated":true}]}}